{"id":16531,"date":"2021-04-29T08:46:29","date_gmt":"2021-04-29T08:46:29","guid":{"rendered":"http:\/\/niw.gov.pl\/opp\/baza-wiedzy\/przywileje-i-obowiazki-organizacji-pozytku-publicznego\/"},"modified":"2025-12-16T08:55:42","modified_gmt":"2025-12-16T07:55:42","slug":"przywileje-i-obowiazki-organizacji-pozytku-publicznego","status":"publish","type":"page","link":"https:\/\/niw.gov.pl\/en\/pbo\/baza-wiedzy\/przywileje-i-obowiazki-organizacji-pozytku-publicznego\/","title":{"rendered":"Przywileje i obowi\u0105zki organizacji po\u017cytku publicznego"},"content":{"rendered":"<p>[vc_row][vc_column][vc_column_text]<em>Aby powi\u0119kszy\u0107, kliknij<\/em><\/p>\n<p><a href=\"https:\/\/niw.gov.pl\/wp-content\/uploads\/2025\/12\/przywileje-i-obowiazki-OPP_2026-horyzontalnie.png\"><img loading=\"lazy\" decoding=\"async\" class=\"alignnone size-large wp-image-67260\" title=\"\" src=\"https:\/\/niw.gov.pl\/wp-content\/uploads\/2025\/12\/przywileje-i-obowiazki-OPP_2026-horyzontalnie-1024x727.png\" alt=\"przywileje i obowi\u0105zki OPP 2026 horyzontalnie\" width=\"640\" height=\"454\" srcset=\"https:\/\/niw.gov.pl\/wp-content\/uploads\/2025\/12\/przywileje-i-obowiazki-OPP_2026-horyzontalnie-1024x727.png 1024w, https:\/\/niw.gov.pl\/wp-content\/uploads\/2025\/12\/przywileje-i-obowiazki-OPP_2026-horyzontalnie-300x213.png 300w, https:\/\/niw.gov.pl\/wp-content\/uploads\/2025\/12\/przywileje-i-obowiazki-OPP_2026-horyzontalnie-768x546.png 768w, https:\/\/niw.gov.pl\/wp-content\/uploads\/2025\/12\/przywileje-i-obowiazki-OPP_2026-horyzontalnie-1536x1091.png 1536w, https:\/\/niw.gov.pl\/wp-content\/uploads\/2025\/12\/przywileje-i-obowiazki-OPP_2026-horyzontalnie.png 1996w\" sizes=\"auto, (max-width: 640px) 100vw, 640px\" \/><\/a>[\/vc_column_text][\/vc_column][\/vc_row]<\/p>\n","protected":false},"excerpt":{"rendered":"<p>[vc_row][vc_column][vc_column_text]Aby powi\u0119kszy\u0107, kliknij [\/vc_column_text][\/vc_column][\/vc_row]<\/p>\n","protected":false},"author":46,"featured_media":0,"parent":16526,"menu_order":2,"comment_status":"closed","ping_status":"closed","template":"page-templates\/nasze_programy_sub_pages.php","meta":{"_acf_changed":false,"inline_featured_image":false,"footnotes":""},"class_list":["post-16531","page","type-page","status-publish","hentry"],"acf":[],"_links":{"self":[{"href":"https:\/\/niw.gov.pl\/en\/wp-json\/wp\/v2\/pages\/16531","targetHints":{"allow":["GET"]}}],"collection":[{"href":"https:\/\/niw.gov.pl\/en\/wp-json\/wp\/v2\/pages"}],"about":[{"href":"https:\/\/niw.gov.pl\/en\/wp-json\/wp\/v2\/types\/page"}],"author":[{"embeddable":true,"href":"https:\/\/niw.gov.pl\/en\/wp-json\/wp\/v2\/users\/46"}],"replies":[{"embeddable":true,"href":"https:\/\/niw.gov.pl\/en\/wp-json\/wp\/v2\/comments?post=16531"}],"version-history":[{"count":14,"href":"https:\/\/niw.gov.pl\/en\/wp-json\/wp\/v2\/pages\/16531\/revisions"}],"predecessor-version":[{"id":67262,"href":"https:\/\/niw.gov.pl\/en\/wp-json\/wp\/v2\/pages\/16531\/revisions\/67262"}],"up":[{"embeddable":true,"href":"https:\/\/niw.gov.pl\/en\/wp-json\/wp\/v2\/pages\/16526"}],"wp:attachment":[{"href":"https:\/\/niw.gov.pl\/en\/wp-json\/wp\/v2\/media?parent=16531"}],"curies":[{"name":"wp","href":"https:\/\/api.w.org\/{rel}","templated":true}]}}