{"id":16533,"date":"2021-04-29T09:06:03","date_gmt":"2021-04-29T09:06:03","guid":{"rendered":"http:\/\/niw.gov.pl\/opp\/baza-wiedzy\/przydatne-linki\/"},"modified":"2025-09-18T09:57:51","modified_gmt":"2025-09-18T07:57:51","slug":"przydatne-linki","status":"publish","type":"page","link":"https:\/\/niw.gov.pl\/en\/pbo\/baza-wiedzy\/przydatne-linki\/","title":{"rendered":"Przydatne linki"},"content":{"rendered":"<p>[vc_row][vc_column][vc_column_text]<a class=\"red\" href=\"https:\/\/wyszukiwarka-krs.ms.gov.pl\/\" target=\"_blank\" rel=\"noopener nofollow\"><i class=\"fas fa-link\"><\/i> wyszukiwarka podmiot\u00f3w zarejestrowanych w Krajowym Rejestrze S\u0105dowym<\/a>[\/vc_column_text][vc_column_text]<a class=\"red\" href=\"https:\/\/www.podatki.gov.pl\/pit\/dla-opp\/\" target=\"_blank\" rel=\"noopener nofollow\"><i class=\"fas fa-link\"><\/i> informacje dla OPP na portalu Ministerstwa Finans\u00f3w<\/a>[\/vc_column_text][vc_column_text]<a class=\"red\" href=\"http:\/\/www.ngo.pl\" target=\"_blank\" rel=\"noopener nofollow\"><i class=\"fas fa-link\"><\/i> portal ngo.pl prowadzony przez Stowarzyszenie Klon\/Jawor<\/a>[\/vc_column_text][vc_column_text]<a class=\"red\" href=\"https:\/\/www.gov.pl\/web\/sprawiedliwosc\/pobierz-wniosek-z-obszaru-systemu-krs\" target=\"_blank\" rel=\"noopener nofollow\"><i class=\"fas fa-link\"><\/i> formularze do Krajowego Rejestru S\u0105dowego<\/a>[\/vc_column_text][vc_column_text]<a class=\"red\" href=\"https:\/\/www.podatki.gov.pl\/abc-podatkow\/e-deklaracje-rejestracja\/#NIP-8\" target=\"_blank\" rel=\"noopener nofollow\"><i class=\"fas fa-link\"><\/i> formularze dotycz\u0105ce rejestracji podatnik\u00f3w (m.in. NIP-8)<\/a>[\/vc_column_text][vc_column_text]<a class=\"red\" href=\"https:\/\/e-sprawozdania.mf.gov.pl\/ap\/#\/step2-start\" target=\"_blank\" rel=\"noopener nofollow\"><i class=\"fas fa-link\"><\/i> portal Ministerstwa Finans\u00f3w do sk\u0142adania sprawozda\u0144 finansowych do Szefa Krajowej Administracji Skarbowej (organizacje nieprowadz\u0105ce dzia\u0142alno\u015bci gospodarczej)<\/a>[\/vc_column_text][vc_column_text]<a class=\"red\" href=\"https:\/\/ekrs.ms.gov.pl\/rdf\/rd\/\" target=\"_blank\" rel=\"noopener nofollow\"><i class=\"fas fa-link\"><\/i> portal Ministerstwa Sprawiedliwo\u015bci do sk\u0142adania sprawozda\u0144 finansowych do Krajowego Rejestru S\u0105dowego (organizacje prowadz\u0105ce dzia\u0142alno\u015b\u0107 gospodarcz\u0105)<\/a><\/p>\n<p>[\/vc_column_text][vc_column_text]<a class=\"red\" href=\"https:\/\/ekrs.ms.gov.pl\/rdf\/pd\/search_df\" target=\"_blank\" rel=\"noopener nofollow\"><i class=\"fas fa-link\"><\/i> portal Ministerstwa Sprawiedliwo\u015bci do przegl\u0105dana sprawozda\u0144 finansowych z\u0142o\u017conych do Krajowego Rejestru S\u0105dowego (organizacje prowadz\u0105ce dzia\u0142alno\u015b\u0107 gospodarcz\u0105)<\/a>[\/vc_column_text][\/vc_column][\/vc_row]<\/p>\n","protected":false},"excerpt":{"rendered":"<p>[vc_row][vc_column][vc_column_text] wyszukiwarka podmiot\u00f3w zarejestrowanych w Krajowym Rejestrze S\u0105dowym[\/vc_column_text][vc_column_text] informacje dla OPP na portalu Ministerstwa Finans\u00f3w[\/vc_column_text][vc_column_text] portal ngo.pl prowadzony przez Stowarzyszenie Klon\/Jawor[\/vc_column_text][vc_column_text] formularze do Krajowego Rejestru S\u0105dowego[\/vc_column_text][vc_column_text] formularze dotycz\u0105ce rejestracji podatnik\u00f3w (m.in. NIP-8)[\/vc_column_text][vc_column_text] portal Ministerstwa Finans\u00f3w do sk\u0142adania sprawozda\u0144 finansowych do Szefa Krajowej Administracji Skarbowej (organizacje nieprowadz\u0105ce dzia\u0142alno\u015bci gospodarczej)[\/vc_column_text][vc_column_text] portal Ministerstwa Sprawiedliwo\u015bci do sk\u0142adania sprawozda\u0144 finansowych<\/p>\n","protected":false},"author":46,"featured_media":0,"parent":16526,"menu_order":4,"comment_status":"closed","ping_status":"closed","template":"page-templates\/about_niw_sub_pages.php","meta":{"_acf_changed":false,"inline_featured_image":false,"footnotes":""},"class_list":["post-16533","page","type-page","status-publish","hentry"],"acf":[],"_links":{"self":[{"href":"https:\/\/niw.gov.pl\/en\/wp-json\/wp\/v2\/pages\/16533","targetHints":{"allow":["GET"]}}],"collection":[{"href":"https:\/\/niw.gov.pl\/en\/wp-json\/wp\/v2\/pages"}],"about":[{"href":"https:\/\/niw.gov.pl\/en\/wp-json\/wp\/v2\/types\/page"}],"author":[{"embeddable":true,"href":"https:\/\/niw.gov.pl\/en\/wp-json\/wp\/v2\/users\/46"}],"replies":[{"embeddable":true,"href":"https:\/\/niw.gov.pl\/en\/wp-json\/wp\/v2\/comments?post=16533"}],"version-history":[{"count":10,"href":"https:\/\/niw.gov.pl\/en\/wp-json\/wp\/v2\/pages\/16533\/revisions"}],"predecessor-version":[{"id":65395,"href":"https:\/\/niw.gov.pl\/en\/wp-json\/wp\/v2\/pages\/16533\/revisions\/65395"}],"up":[{"embeddable":true,"href":"https:\/\/niw.gov.pl\/en\/wp-json\/wp\/v2\/pages\/16526"}],"wp:attachment":[{"href":"https:\/\/niw.gov.pl\/en\/wp-json\/wp\/v2\/media?parent=16533"}],"curies":[{"name":"wp","href":"https:\/\/api.w.org\/{rel}","templated":true}]}}