{"id":16535,"date":"2021-04-29T09:20:17","date_gmt":"2021-04-29T09:20:17","guid":{"rendered":"http:\/\/niw.gov.pl\/opp\/baza-wiedzy\/informacja-dot-wydatkowania-1-podatku\/"},"modified":"2026-01-21T13:46:39","modified_gmt":"2026-01-21T12:46:39","slug":"informacja-dot-wydatkowania-1-podatku","status":"publish","type":"page","link":"https:\/\/niw.gov.pl\/en\/pbo\/baza-wiedzy\/informacja-dot-wydatkowania-1-podatku\/","title":{"rendered":"Informacja dot. wydatkowania 1,5% podatku"},"content":{"rendered":"<p>[vc_row][vc_column][vc_column_text]\u200eInformacja dotycz\u0105ca w szczeg\u00f3lno\u015bci wydatkowania przez organizacje po\u017cytku publicznego \u015brodk\u00f3w finansowych pochodz\u0105cych z 1,5% podatku dochodowego od os\u00f3b fizycznych, kt\u00f3ra zosta\u0142a sporz\u0105dzona na podstawie sprawozda\u0144 zamieszczonych przez organizacje po\u017cytku publicznego w\u00a0<a class=\"red\" href=\"https:\/\/sprawozdaniaopp.niw.gov.pl\/\" target=\"_blank\" rel=\"noopener\"><i class=\"fas fa-link\"><\/i> \u200einternetowej bazie sprawozda\u0144 organizacji po\u017cytku publicznego<\/a>.[\/vc_column_text][vc_empty_space height=&#8221;12px&#8221;][vc_row_inner][vc_column_inner width=&#8221;1\/2&#8243;]<div class=\"row\">\n\t\t\t\t<div class=\"col-lg-12 col-md-12 col-sm-12 media_text\">\n\t\t\t\t\t<div class=\"download_box\">\n\t\t\t\t<div class=\"download_text\">\n\t\t\t\t\t<a href=\"https:\/\/niw.gov.pl\/wp-content\/uploads\/2026\/01\/informacja-o-wykorzystaniu-15-podatku-w-2024-roku_z-okladka_popr.pdf\" download>2024 rok<\/a><\/div><br><br><span><img decoding=\"async\" src=\"https:\/\/niw.gov.pl\/wp-content\/themes\/niw\/images\/PDF.png\" alt=\"PDF.png\"><\/button> 3.94MB<\/span><a href=\"https:\/\/niw.gov.pl\/wp-content\/uploads\/2026\/01\/informacja-o-wykorzystaniu-15-podatku-w-2024-roku_z-okladka_popr.pdf\" download><button class=\"download_btn\" type=\"button\"> <img decoding=\"async\" src=\"https:\/\/niw.gov.pl\/wp-content\/themes\/niw\/images\/arrow7.png\" alt=\"arrow7.png\"><\/button><\/a> <div class=\"clr\">\n\n<\/div><\/div><\/div><\/div>[\/vc_column_inner][vc_column_inner width=&#8221;1\/2&#8243;]<div class=\"row\">\n\t\t\t\t<div class=\"col-lg-12 col-md-12 col-sm-12 media_text\">\n\t\t\t\t\t<div class=\"download_box\">\n\t\t\t\t<div class=\"download_text\">\n\t\t\t\t\t<a href=\"https:\/\/niw.gov.pl\/wp-content\/uploads\/2024\/12\/informacja-o-wykorzystaniu-15-podatku-w-2023-roku.pdf\" download>2023 rok<\/a><\/div><br><br><span><img decoding=\"async\" src=\"https:\/\/niw.gov.pl\/wp-content\/themes\/niw\/images\/PDF.png\" alt=\"PDF.png\"><\/button> 3.21MB<\/span><a href=\"https:\/\/niw.gov.pl\/wp-content\/uploads\/2024\/12\/informacja-o-wykorzystaniu-15-podatku-w-2023-roku.pdf\" download><button class=\"download_btn\" type=\"button\"> <img decoding=\"async\" src=\"https:\/\/niw.gov.pl\/wp-content\/themes\/niw\/images\/arrow7.png\" alt=\"arrow7.png\"><\/button><\/a> <div class=\"clr\">\n\n<\/div><\/div><\/div><\/div>[\/vc_column_inner][\/vc_row_inner][vc_row_inner][vc_column_inner width=&#8221;1\/2&#8243;]<div class=\"row\">\n\t\t\t\t<div class=\"col-lg-12 col-md-12 col-sm-12 media_text\">\n\t\t\t\t\t<div class=\"download_box\">\n\t\t\t\t<div class=\"download_text\">\n\t\t\t\t\t<a href=\"https:\/\/niw.gov.pl\/wp-content\/uploads\/2023\/12\/informacja-o-wykorzystaniu-1-podatku-w-2022-roku.pdf\" download>2022 rok<\/a><\/div><br><br><span><img decoding=\"async\" src=\"https:\/\/niw.gov.pl\/wp-content\/themes\/niw\/images\/PDF.png\" alt=\"PDF.png\"><\/button> 2.91MB<\/span><a href=\"https:\/\/niw.gov.pl\/wp-content\/uploads\/2023\/12\/informacja-o-wykorzystaniu-1-podatku-w-2022-roku.pdf\" download><button class=\"download_btn\" type=\"button\"> <img decoding=\"async\" src=\"https:\/\/niw.gov.pl\/wp-content\/themes\/niw\/images\/arrow7.png\" alt=\"arrow7.png\"><\/button><\/a> <div class=\"clr\">\n\n<\/div><\/div><\/div><\/div>[\/vc_column_inner][vc_column_inner width=&#8221;1\/2&#8243;]<div class=\"row\">\n\t\t\t\t<div class=\"col-lg-12 col-md-12 col-sm-12 media_text\">\n\t\t\t\t\t<div class=\"download_box\">\n\t\t\t\t<div class=\"download_text\">\n\t\t\t\t\t<a href=\"https:\/\/niw.gov.pl\/wp-content\/uploads\/2023\/12\/informacja-o-wykorzystaniu-1-podatku-w-2021-roku_popr.pdf\" download>2021 rok<\/a><\/div><br><br><span><img decoding=\"async\" src=\"https:\/\/niw.gov.pl\/wp-content\/themes\/niw\/images\/PDF.png\" alt=\"PDF.png\"><\/button> 3.06MB<\/span><a href=\"https:\/\/niw.gov.pl\/wp-content\/uploads\/2023\/12\/informacja-o-wykorzystaniu-1-podatku-w-2021-roku_popr.pdf\" download><button class=\"download_btn\" type=\"button\"> <img decoding=\"async\" src=\"https:\/\/niw.gov.pl\/wp-content\/themes\/niw\/images\/arrow7.png\" alt=\"arrow7.png\"><\/button><\/a> <div class=\"clr\">\n\n<\/div><\/div><\/div><\/div>[\/vc_column_inner][\/vc_row_inner][vc_row_inner][vc_column_inner width=&#8221;1\/2&#8243;]<div class=\"row\">\n\t\t\t\t<div class=\"col-lg-12 col-md-12 col-sm-12 media_text\">\n\t\t\t\t\t<div class=\"download_box\">\n\t\t\t\t<div class=\"download_text\">\n\t\t\t\t\t<a href=\"https:\/\/niw.gov.pl\/wp-content\/uploads\/2021\/12\/informacja-o-wykorzystaniu-1-podatku-w-2020-roku.pdf\" download>2020 rok<\/a><\/div><br><br><span><img decoding=\"async\" src=\"https:\/\/niw.gov.pl\/wp-content\/themes\/niw\/images\/PDF.png\" alt=\"PDF.png\"><\/button> 3.17MB<\/span><a href=\"https:\/\/niw.gov.pl\/wp-content\/uploads\/2021\/12\/informacja-o-wykorzystaniu-1-podatku-w-2020-roku.pdf\" download><button class=\"download_btn\" type=\"button\"> <img decoding=\"async\" src=\"https:\/\/niw.gov.pl\/wp-content\/themes\/niw\/images\/arrow7.png\" alt=\"arrow7.png\"><\/button><\/a> <div class=\"clr\">\n\n<\/div><\/div><\/div><\/div>[\/vc_column_inner][vc_column_inner width=&#8221;1\/2&#8243;]<div class=\"row\">\n\t\t\t\t<div class=\"col-lg-12 col-md-12 col-sm-12 media_text\">\n\t\t\t\t\t<div class=\"download_box\">\n\t\t\t\t<div class=\"download_text\">\n\t\t\t\t\t<a href=\"https:\/\/niw.gov.pl\/wp-content\/uploads\/2021\/04\/informacja-o-wykorzystaniu-1-podatku-w-2019-roku.pdf\" download>2019 rok<\/a><\/div><br><br><span><img decoding=\"async\" src=\"https:\/\/niw.gov.pl\/wp-content\/themes\/niw\/images\/PDF.png\" alt=\"PDF.png\"><\/button> 1.97MB<\/span><a href=\"https:\/\/niw.gov.pl\/wp-content\/uploads\/2021\/04\/informacja-o-wykorzystaniu-1-podatku-w-2019-roku.pdf\" download><button class=\"download_btn\" type=\"button\"> <img decoding=\"async\" src=\"https:\/\/niw.gov.pl\/wp-content\/themes\/niw\/images\/arrow7.png\" alt=\"arrow7.png\"><\/button><\/a> <div class=\"clr\">\n\n<\/div><\/div><\/div><\/div>[\/vc_column_inner][\/vc_row_inner][vc_row_inner][vc_column_inner width=&#8221;1\/2&#8243;]<div class=\"row\">\n\t\t\t\t<div class=\"col-lg-12 col-md-12 col-sm-12 media_text\">\n\t\t\t\t\t<div class=\"download_box\">\n\t\t\t\t<div class=\"download_text\">\n\t\t\t\t\t<a href=\"https:\/\/niw.gov.pl\/wp-content\/uploads\/2021\/04\/informacja-o-wykorzystaniu-1-podatku-w-2018-roku.pdf\" download>2018 rok<\/a><\/div><br><br><span><img decoding=\"async\" src=\"https:\/\/niw.gov.pl\/wp-content\/themes\/niw\/images\/PDF.png\" alt=\"PDF.png\"><\/button> 1.65MB<\/span><a href=\"https:\/\/niw.gov.pl\/wp-content\/uploads\/2021\/04\/informacja-o-wykorzystaniu-1-podatku-w-2018-roku.pdf\" download><button class=\"download_btn\" type=\"button\"> <img decoding=\"async\" src=\"https:\/\/niw.gov.pl\/wp-content\/themes\/niw\/images\/arrow7.png\" alt=\"arrow7.png\"><\/button><\/a> <div class=\"clr\">\n\n<\/div><\/div><\/div><\/div>[\/vc_column_inner][vc_column_inner width=&#8221;1\/2&#8243;]<div class=\"row\">\n\t\t\t\t<div class=\"col-lg-12 col-md-12 col-sm-12 media_text\">\n\t\t\t\t\t<div class=\"download_box\">\n\t\t\t\t<div class=\"download_text\">\n\t\t\t\t\t<a href=\"https:\/\/niw.gov.pl\/wp-content\/uploads\/2021\/04\/informacja-o-wykorzystaniu-1-podatku-w-2017-roku.pdf\" download>2017 rok<\/a><\/div><br><br><span><img decoding=\"async\" src=\"https:\/\/niw.gov.pl\/wp-content\/themes\/niw\/images\/PDF.png\" alt=\"PDF.png\"><\/button> 1.44MB<\/span><a href=\"https:\/\/niw.gov.pl\/wp-content\/uploads\/2021\/04\/informacja-o-wykorzystaniu-1-podatku-w-2017-roku.pdf\" download><button class=\"download_btn\" type=\"button\"> <img decoding=\"async\" src=\"https:\/\/niw.gov.pl\/wp-content\/themes\/niw\/images\/arrow7.png\" alt=\"arrow7.png\"><\/button><\/a> <div class=\"clr\">\n\n<\/div><\/div><\/div><\/div>[\/vc_column_inner][\/vc_row_inner][vc_row_inner][vc_column_inner width=&#8221;1\/2&#8243;]<div class=\"row\">\n\t\t\t\t<div class=\"col-lg-12 col-md-12 col-sm-12 media_text\">\n\t\t\t\t\t<div class=\"download_box\">\n\t\t\t\t<div class=\"download_text\">\n\t\t\t\t\t<a href=\"https:\/\/niw.gov.pl\/wp-content\/uploads\/2021\/04\/Informacja_o_wykorzystaniu_1_proc_w_roku_2016.pdf\" download>2016 rok<\/a><\/div><br><br><span><img decoding=\"async\" src=\"https:\/\/niw.gov.pl\/wp-content\/themes\/niw\/images\/PDF.png\" alt=\"PDF.png\"><\/button> 1.23MB<\/span><a href=\"https:\/\/niw.gov.pl\/wp-content\/uploads\/2021\/04\/Informacja_o_wykorzystaniu_1_proc_w_roku_2016.pdf\" download><button class=\"download_btn\" type=\"button\"> <img decoding=\"async\" src=\"https:\/\/niw.gov.pl\/wp-content\/themes\/niw\/images\/arrow7.png\" alt=\"arrow7.png\"><\/button><\/a> <div class=\"clr\">\n\n<\/div><\/div><\/div><\/div>[\/vc_column_inner][vc_column_inner width=&#8221;1\/2&#8243;]<div class=\"row\">\n\t\t\t\t<div class=\"col-lg-12 col-md-12 col-sm-12 media_text\">\n\t\t\t\t\t<div class=\"download_box\">\n\t\t\t\t<div class=\"download_text\">\n\t\t\t\t\t<a href=\"https:\/\/niw.gov.pl\/wp-content\/uploads\/2021\/04\/informacja_o_wykorzystaniu_1_proc_w_roku_2015.pdf\" download>2015 rok<\/a><\/div><br><br><span><img decoding=\"async\" src=\"https:\/\/niw.gov.pl\/wp-content\/themes\/niw\/images\/PDF.png\" alt=\"PDF.png\"><\/button> 1.21MB<\/span><a href=\"https:\/\/niw.gov.pl\/wp-content\/uploads\/2021\/04\/informacja_o_wykorzystaniu_1_proc_w_roku_2015.pdf\" download><button class=\"download_btn\" type=\"button\"> <img decoding=\"async\" src=\"https:\/\/niw.gov.pl\/wp-content\/themes\/niw\/images\/arrow7.png\" alt=\"arrow7.png\"><\/button><\/a> <div class=\"clr\">\n\n<\/div><\/div><\/div><\/div>[\/vc_column_inner][\/vc_row_inner][vc_row_inner][vc_column_inner width=&#8221;1\/2&#8243;]<div class=\"row\">\n\t\t\t\t<div class=\"col-lg-12 col-md-12 col-sm-12 media_text\">\n\t\t\t\t\t<div class=\"download_box\">\n\t\t\t\t<div class=\"download_text\">\n\t\t\t\t\t<a href=\"https:\/\/niw.gov.pl\/wp-content\/uploads\/2021\/04\/informacja_o_wykorzystaniu_1_proc_w_roku_2014.pdf\" download>2014 rok<\/a><\/div><br><br><span><img decoding=\"async\" src=\"https:\/\/niw.gov.pl\/wp-content\/themes\/niw\/images\/PDF.png\" alt=\"PDF.png\"><\/button> 1.42MB<\/span><a href=\"https:\/\/niw.gov.pl\/wp-content\/uploads\/2021\/04\/informacja_o_wykorzystaniu_1_proc_w_roku_2014.pdf\" download><button class=\"download_btn\" type=\"button\"> <img decoding=\"async\" src=\"https:\/\/niw.gov.pl\/wp-content\/themes\/niw\/images\/arrow7.png\" alt=\"arrow7.png\"><\/button><\/a> <div class=\"clr\">\n\n<\/div><\/div><\/div><\/div>[\/vc_column_inner][vc_column_inner width=&#8221;1\/2&#8243;]<div class=\"row\">\n\t\t\t\t<div class=\"col-lg-12 col-md-12 col-sm-12 media_text\">\n\t\t\t\t\t<div class=\"download_box\">\n\t\t\t\t<div class=\"download_text\">\n\t\t\t\t\t<a href=\"https:\/\/niw.gov.pl\/wp-content\/uploads\/2021\/04\/zalacznik_informacja_o_wykorzystaniu_1_proc_w-_roku_2014.pdf\" download>2014 rok \u2013 za\u0142\u0105cznik<\/a><\/div><br><br><span><img decoding=\"async\" src=\"https:\/\/niw.gov.pl\/wp-content\/themes\/niw\/images\/PDF.png\" alt=\"PDF.png\"><\/button> 0.01GB<\/span><a href=\"https:\/\/niw.gov.pl\/wp-content\/uploads\/2021\/04\/zalacznik_informacja_o_wykorzystaniu_1_proc_w-_roku_2014.pdf\" download><button class=\"download_btn\" type=\"button\"> <img decoding=\"async\" src=\"https:\/\/niw.gov.pl\/wp-content\/themes\/niw\/images\/arrow7.png\" alt=\"arrow7.png\"><\/button><\/a> <div class=\"clr\">\n\n<\/div><\/div><\/div><\/div>[\/vc_column_inner][\/vc_row_inner][\/vc_column][\/vc_row][vc_row][vc_column][vc_custom_heading text=&#8221;Podstawa prawna&#8221; font_container=&#8221;tag:h3|text_align:left&#8221; use_theme_fonts=&#8221;yes&#8221;][vc_empty_space height=&#8221;12px&#8221;][vc_column_text]<a class=\"red\" href=\"https:\/\/isap.sejm.gov.pl\/isap.nsf\/DocDetails.xsp?id=wdu20030960873\" target=\"_blank\" rel=\"noopener nofollow\"><i class=\"fas fa-link\"><\/i> \u200eart. 27 ust. 4 ustawy z dnia 24 kwietnia 2003 r. o dzia\u0142alno\u015bci po\u017cytku publicznego i o wolontariacie (t.j. Dz. U. z 2025 r. poz. 1338)<\/a><\/p>\n<p>[\/vc_column_text][\/vc_column][\/vc_row][vc_row][vc_column]\n\t\t\t\n\t\t\t<div class=\"bip\">\n<div class=\"bip_ic\">\n <img decoding=\"async\" src=\"https:\/\/niw.gov.pl\/wp-content\/themes\/niw\/images\/bip_logo.png\" alt=\"Niw Bip\">\n <\/div>\n  <div class=\"bip_text\">Informacja dot. wydatkowania 1,5% podatku<\/div>\n    <button title=\"bip\" data-toggle=\"collapse\" data-target=\"#bip\" aria-expanded=\"show\" aria-controls=\"collapseExample\" class=\"bip_btn right\" type=\"button\"> <img decoding=\"async\" src=\"https:\/\/niw.gov.pl\/wp-content\/themes\/niw\/images\/arrow_down_grey.png\" alt=\"arrow_down_grey.png\"><\/button>\n<div class=\"clr\"><\/div><\/div><div class=\"collapse show\" id=\"bip\">\n<div class=\"bip_content\">\n<div class=\"row\">\n<div class=\"col-lg-4 col-md-4 col-sm-12 bip_content_text\">Podmiot udost\u0119pniaj\u0105cy:<\/div>\n<div class=\"col-lg-8 col-md-8 col-sm-12 bip_content_text\"> Narodowy Instytut Wolno\u015bci - Centrum Rozwoju Spo\u0142ecze\u0144stwa Obywatelskiego<\/div>\n\n<div class=\"line\"><\/div>\n\n<div class=\"col-lg-4 col-md-4 col-sm-12 bip_content_text\">Wytworzy\u0142 informacj\u0119:<\/div>\n<div class=\"col-lg-3 col-md-3 col-sm-12 bip_content_text\">admin<\/div>\n<div class=\"col-lg-5 col-md-5 col-sm-12 admin_bg\">April 29, 2021&nbsp;09:20<\/div>\n\n<div class=\"line\"><\/div>\n\n<div class=\"col-lg-4 col-md-4 col-sm-12 bip_content_text\">Wprowadzi\u0142 informacj\u0119 do BIP:<\/div>\n<div class=\"col-lg-3 col-md-3 col-sm-12 bip_content_text\">admin<\/div>\n<div class=\"col-lg-5 col-md-5 col-sm-12 admin_bg\">April 29, 2021&nbsp;09:20<\/div>\n\n<div class=\"line\"><\/div>\n\n<div class=\"col-lg-4 col-md-4 col-sm-12 bip_content_text\">Ostatnio modyfikowa\u0142:<\/div>\n<div class=\"col-lg-3 col-md-3 col-sm-12 bip_content_text\"><\/div>\n<div class=\"col-lg-5 col-md-5 col-sm-12 admin_bg\">January 21, 2026&nbsp;13:46<\/div>\n\n<div class=\"line\"><\/div>\n\n<div class=\"col-lg-4 col-md-4 col-sm-12\">Historia zmian:<\/div><div class=\"col-lg-8 col-md-8 col-sm-12\"><div class=\"post-revisions\">\n\t<p>Zaktualizowane January 21, 2026 @ 13:46:39 [Current Revision] przez <\/p>\n\n\t<p>Zaktualizowane <a href=\"https:\/\/niw.gov.pl\/en\/pbo\/baza-wiedzy\/informacja-dot-wydatkowania-1-podatku\/?rev=67572\" class=\"revision\">January 14, 2026 @ 15:56:49<\/a> przez Martyna Leciak<\/p>\n\t<p>Zaktualizowane <a href=\"https:\/\/niw.gov.pl\/en\/pbo\/baza-wiedzy\/informacja-dot-wydatkowania-1-podatku\/?rev=67570\" class=\"revision\">January 14, 2026 @ 15:55:49<\/a> przez Martyna Leciak<\/p>\n\n\n<\/div><\/div>\n\n\n<\/div>\n\n\n<\/div>   \n<\/div>[\/vc_column][\/vc_row]<\/p>\n","protected":false},"excerpt":{"rendered":"<p>[vc_row][vc_column][vc_column_text]\u200eInformacja dotycz\u0105ca w szczeg\u00f3lno\u015bci wydatkowania przez organizacje po\u017cytku publicznego \u015brodk\u00f3w finansowych pochodz\u0105cych z 1,5% podatku dochodowego od os\u00f3b fizycznych, kt\u00f3ra zosta\u0142a sporz\u0105dzona na podstawie sprawozda\u0144 zamieszczonych przez organizacje po\u017cytku publicznego w\u00a0 \u200einternetowej bazie sprawozda\u0144 organizacji po\u017cytku publicznego.[\/vc_column_text][vc_empty_space height=&#8221;12px&#8221;][vc_row_inner][vc_column_inner width=&#8221;1\/2&#8243;][\/vc_column_inner][vc_column_inner width=&#8221;1\/2&#8243;][\/vc_column_inner][\/vc_row_inner][vc_row_inner][vc_column_inner width=&#8221;1\/2&#8243;][\/vc_column_inner][vc_column_inner width=&#8221;1\/2&#8243;][\/vc_column_inner][\/vc_row_inner][vc_row_inner][vc_column_inner width=&#8221;1\/2&#8243;][\/vc_column_inner][vc_column_inner width=&#8221;1\/2&#8243;][\/vc_column_inner][\/vc_row_inner][vc_row_inner][vc_column_inner width=&#8221;1\/2&#8243;][\/vc_column_inner][vc_column_inner width=&#8221;1\/2&#8243;][\/vc_column_inner][\/vc_row_inner][vc_row_inner][vc_column_inner width=&#8221;1\/2&#8243;][\/vc_column_inner][vc_column_inner width=&#8221;1\/2&#8243;][\/vc_column_inner][\/vc_row_inner][vc_row_inner][vc_column_inner width=&#8221;1\/2&#8243;][\/vc_column_inner][vc_column_inner width=&#8221;1\/2&#8243;][\/vc_column_inner][\/vc_row_inner][\/vc_column][\/vc_row][vc_row][vc_column][vc_custom_heading text=&#8221;Podstawa prawna&#8221; font_container=&#8221;tag:h3|text_align:left&#8221; use_theme_fonts=&#8221;yes&#8221;][vc_empty_space height=&#8221;12px&#8221;][vc_column_text]<\/p>\n","protected":false},"author":46,"featured_media":0,"parent":16526,"menu_order":3,"comment_status":"closed","ping_status":"closed","template":"page-templates\/about_niw_sub_pages.php","meta":{"_acf_changed":false,"inline_featured_image":false,"footnotes":""},"class_list":["post-16535","page","type-page","status-publish","hentry"],"acf":[],"_links":{"self":[{"href":"https:\/\/niw.gov.pl\/en\/wp-json\/wp\/v2\/pages\/16535","targetHints":{"allow":["GET"]}}],"collection":[{"href":"https:\/\/niw.gov.pl\/en\/wp-json\/wp\/v2\/pages"}],"about":[{"href":"https:\/\/niw.gov.pl\/en\/wp-json\/wp\/v2\/types\/page"}],"author":[{"embeddable":true,"href":"https:\/\/niw.gov.pl\/en\/wp-json\/wp\/v2\/users\/46"}],"replies":[{"embeddable":true,"href":"https:\/\/niw.gov.pl\/en\/wp-json\/wp\/v2\/comments?post=16535"}],"version-history":[{"count":31,"href":"https:\/\/niw.gov.pl\/en\/wp-json\/wp\/v2\/pages\/16535\/revisions"}],"predecessor-version":[{"id":67741,"href":"https:\/\/niw.gov.pl\/en\/wp-json\/wp\/v2\/pages\/16535\/revisions\/67741"}],"up":[{"embeddable":true,"href":"https:\/\/niw.gov.pl\/en\/wp-json\/wp\/v2\/pages\/16526"}],"wp:attachment":[{"href":"https:\/\/niw.gov.pl\/en\/wp-json\/wp\/v2\/media?parent=16535"}],"curies":[{"name":"wp","href":"https:\/\/api.w.org\/{rel}","templated":true}]}}