{"id":16537,"date":"2021-04-29T09:29:04","date_gmt":"2021-04-29T09:29:04","guid":{"rendered":"http:\/\/niw.gov.pl\/opp\/baza-wiedzy\/akty-prawne\/"},"modified":"2021-07-21T09:39:10","modified_gmt":"2021-07-21T09:39:10","slug":"akty-prawne","status":"publish","type":"page","link":"https:\/\/niw.gov.pl\/en\/pbo\/baza-wiedzy\/akty-prawne\/","title":{"rendered":"Akty prawne"},"content":{"rendered":"<p>[vc_row][vc_column][vc_custom_heading text=&#8221;1% podatku dochodowego od os\u00f3b fizycznych&#8221; font_container=&#8221;tag:h3|text_align:left&#8221; use_theme_fonts=&#8221;yes&#8221;][vc_empty_space height=&#8221;20px&#8221;][vc_column_text]<a class=\"red\" href=\"http:\/\/isap.sejm.gov.pl\/isap.nsf\/DocDetails.xsp?id=WDU20180001509\" target=\"_blank\" rel=\"noopener nofollow\"><i class=\"fas fa-link\"><\/i> \u200eUstawa z dnia 26 lipca 1991 r. o podatku dochodowym od os\u00f3b fizycznych <\/a>(t.j. Dz. U. z 2019 r. poz. 1387, z p\u00f3\u017an. zm.)[\/vc_column_text][vc_column_text]<a class=\"red\" href=\"https:\/\/dziennikustaw.gov.pl\/DU\/2018\/2053\" target=\"_blank\" rel=\"noopener nofollow\"><i class=\"fas fa-link\"><\/i> Rozporz\u0105dzenie Przewodnicz\u0105cego Komitetu do spraw Po\u017cytku Publicznego z dnia 24 pa\u017adziernika 2018 r. w sprawie zamieszczania informacji przez organizacje po\u017cytku publicznego z zakresu 1% podatku dochodowego od os\u00f3b fizycznych <\/a>(Dz. U. poz. 2053)[\/vc_column_text][vc_empty_space][vc_separator][vc_empty_space][\/vc_column][\/vc_row][vc_row][vc_column][vc_custom_heading text=&#8221;Nieodp\u0142atne informowanie w publicznych mediach o dzia\u0142alno\u015bci organizacji po\u017cytku publicznego&#8221; font_container=&#8221;tag:h3|text_align:left&#8221; use_theme_fonts=&#8221;yes&#8221;][vc_empty_space height=&#8221;20px&#8221;][vc_column_text]<a class=\"red\" href=\"http:\/\/isap.sejm.gov.pl\/isap.nsf\/DocDetails.xsp?id=WDU20140000283\" target=\"_blank\" rel=\"noopener nofollow\"><i class=\"fas fa-link\"><\/i> \u200eRozporz\u0105dzenie Krajowej Rady Radiofonii i Telewizji z dnia 29 kwietnia 2011 r. w sprawie trybu post\u0119powania zwi\u0105zanego z nieodp\u0142atnym informowaniem w programach jednostek publicznej radiofonii i telewizji o prowadzonej przez organizacje po\u017cytku publicznego nieodp\u0142atnej dzia\u0142alno\u015bci po\u017cytku publicznego (t.j. Dz. U. z 2014 r. poz. 283, z p\u00f3\u017an. zm.)<\/a>[\/vc_column_text][vc_empty_space][vc_separator][vc_empty_space][\/vc_column][\/vc_row][vc_row][vc_column][vc_custom_heading text=&#8221;Fundusz Wspierania Organizacji Po\u017cytku Publicznego&#8221; font_container=&#8221;tag:h3|text_align:left&#8221; use_theme_fonts=&#8221;yes&#8221;][vc_empty_space height=&#8221;20px&#8221;][vc_column_text]<a class=\"red\" href=\"https:\/\/dziennikustaw.gov.pl\/DU\/2018\/2051\" target=\"_blank\" rel=\"noopener nofollow\"><i class=\"fas fa-link\"><\/i> Rozporz\u0105dzenie Przewodnicz\u0105cego Komitetu do spraw Po\u017cytku Publicznego z dnia 24 pa\u017adziernika 2018 r. w sprawie gospodarki finansowej Funduszu Wspierania Organizacji Po\u017cytku Publicznego (Dz. U. poz. 2051)<\/a>[\/vc_column_text][\/vc_column][\/vc_row]<\/p>\n","protected":false},"excerpt":{"rendered":"<p>[vc_row][vc_column][vc_custom_heading text=&#8221;1% podatku dochodowego od os\u00f3b fizycznych&#8221; font_container=&#8221;tag:h3|text_align:left&#8221; use_theme_fonts=&#8221;yes&#8221;][vc_empty_space height=&#8221;20px&#8221;][vc_column_text] \u200eUstawa z dnia 26 lipca 1991 r. o podatku dochodowym od os\u00f3b fizycznych (t.j. Dz. U. z 2019 r. poz. 1387, z p\u00f3\u017an. zm.)[\/vc_column_text][vc_column_text] Rozporz\u0105dzenie Przewodnicz\u0105cego Komitetu do spraw Po\u017cytku Publicznego z dnia 24 pa\u017adziernika 2018 r. w sprawie zamieszczania informacji przez organizacje po\u017cytku publicznego<\/p>\n","protected":false},"author":46,"featured_media":0,"parent":16526,"menu_order":5,"comment_status":"closed","ping_status":"closed","template":"page-templates\/about_niw_sub_pages.php","meta":{"_acf_changed":false,"inline_featured_image":false,"footnotes":""},"class_list":["post-16537","page","type-page","status-publish","hentry"],"acf":[],"_links":{"self":[{"href":"https:\/\/niw.gov.pl\/en\/wp-json\/wp\/v2\/pages\/16537","targetHints":{"allow":["GET"]}}],"collection":[{"href":"https:\/\/niw.gov.pl\/en\/wp-json\/wp\/v2\/pages"}],"about":[{"href":"https:\/\/niw.gov.pl\/en\/wp-json\/wp\/v2\/types\/page"}],"author":[{"embeddable":true,"href":"https:\/\/niw.gov.pl\/en\/wp-json\/wp\/v2\/users\/46"}],"replies":[{"embeddable":true,"href":"https:\/\/niw.gov.pl\/en\/wp-json\/wp\/v2\/comments?post=16537"}],"version-history":[{"count":3,"href":"https:\/\/niw.gov.pl\/en\/wp-json\/wp\/v2\/pages\/16537\/revisions"}],"predecessor-version":[{"id":19780,"href":"https:\/\/niw.gov.pl\/en\/wp-json\/wp\/v2\/pages\/16537\/revisions\/19780"}],"up":[{"embeddable":true,"href":"https:\/\/niw.gov.pl\/en\/wp-json\/wp\/v2\/pages\/16526"}],"wp:attachment":[{"href":"https:\/\/niw.gov.pl\/en\/wp-json\/wp\/v2\/media?parent=16537"}],"curies":[{"name":"wp","href":"https:\/\/api.w.org\/{rel}","templated":true}]}}