{"id":16539,"date":"2021-04-29T09:30:19","date_gmt":"2021-04-29T09:30:19","guid":{"rendered":"http:\/\/niw.gov.pl\/opp\/baza-wiedzy\/faq\/"},"modified":"2021-05-19T06:22:49","modified_gmt":"2021-05-19T06:22:49","slug":"faq","status":"publish","type":"page","link":"https:\/\/niw.gov.pl\/en\/pbo\/baza-wiedzy\/faq\/","title":{"rendered":"FAQ"},"content":{"rendered":"<p>[vc_row][vc_column]<div class=\"sort_options sort\">\r\n<div id=\"custom-search-input\">\r\n<div class=\"input-group search_result_search\">\r\n<input type=\"text\" id=\"keynews\" class=\"  search-query form-control\" placeholder=\" Enter search phrase\" \/>\r\n<span class=\"input-group-btn\">\r\n<button id=\"newsListKeyby\" class=\"btn\" type=\"button\">\r\n<i class=\"fas fa-search\"><\/i><\/button>\r\n<\/span>\r\n<\/div>\r\n<\/div>\r\n\r\n<div class=\"dropdown sort_options_all\">\r\n    <button id=\"newsListSortby\" type=\"button\" class=\"sort_btn dropdown-toggle1 search_result_sort\" data-toggle=\"dropdown\">\r\n      Sort by\r\n    <\/button>\r\n    <div class=\"dropdown-menu sort_drop\">\r\n\t\r\n      <a class=\"dropdown-item newssort\" href=\"javascript:void(0);\" data-sort=\"desc\">Latest<\/a>\r\n      <a class=\"dropdown-item newssort\" href=\"javascript:void(0);\" data-sort=\"asc\">The oldest<\/a><\/div>\r\n  <\/div>\r\n<\/div>\r\n\r\n\r\n\t\r\n\t<div class=\"faq_box\">\r\n<div class=\"faq_title\">Je\u015bli organizacja uzyska\u0142a status OPP 2 kwietnia 2025 roku, to czy zamieszcza sprawozdania za 2024 rok w bazie sprawozda\u0144 OPP? <\/div><p>[vc_row][vc_column][vc_column_text]Nie, bo organizacja zamieszcza sprawozdania w <a class=\"red\" href=\"https:\/\/niw.gov.pl\/opp\/sprawozdania-opp\/\" target=\"_blank\" rel=\"noopener\"><i class=\"fas fa-link\"><\/i> bazie sprawozda\u0144 organizacji po\u017cytku publicznego<\/a> po raz pierwszy za rok, w kt\u00f3rym otrzyma\u0142a status organizacji po\u017cytku publicznego.<\/p>\n<p>Organizacja do 15 lipca 2026 roku b\u0119dzie musia\u0142a zamie\u015bci\u0107 sprawozdania za 2025 rok w <a class=\"red\" href=\"https:\/\/niw.gov.pl\/opp\/sprawozdania-opp\/\" target=\"_blank\" rel=\"noopener\"><i class=\"fas fa-link\"><\/i> bazie sprawozda\u0144 organizacji po\u017cytku publicznego<\/a>. Je\u015bli jej rok obrotowy jest inny ni\u017c kalendarzowy, ma czas do 30 listopada 2026 roku, czyli do 30 listopada po zako\u0144czeniu roku obrotowego.[\/vc_column_text][vc_column_text]<\/p>\n<h4>Podstawa prawna<\/h4>\n<p><a class=\"red\" href=\"http:\/\/isap.sejm.gov.pl\/isap.nsf\/DocDetails.xsp?id=WDU20190000688\" target=\"_blank\" rel=\"noopener nofollow\"><i class=\"fas fa-link\"><\/i> art. 23 ust. 2c, 6 i 6b ustawy z dnia 24 kwietnia 2003 r. o dzia\u0142alno\u015bci po\u017cytku publicznego i o wolontariacie (t.j. Dz. U. z 2024 r. poz. 1491, z p\u00f3\u017an. zm.)<\/a>[\/vc_column_text][\/vc_column][\/vc_row]<\/p>\n<\/div>\r\n\t\r\n\t<div class=\"faq_box\">\r\n<div class=\"faq_title\">Moja organizacja uzyska\u0142a status OPP w 2025 roku. Dlaczego nie ma jej w wykazie OPO uprawnionych do otrzymania 1,5% podatku za 2024 rok w 2025 roku? <\/div><p>[vc_row][vc_column][vc_column_text]Na 30 listopada 2024 roku, czyli na dzie\u0144 tworzenia <a class=\"red\" href=\"https:\/\/niw.gov.pl\/opp\/wykaz-opp\/\" target=\"_blank\" rel=\"noopener\"><i class=\"fas fa-link\"><\/i> wykazu organizacji po\u017cytku publicznego uprawnionych do otrzymania 1,5% podatku dochodowego od os\u00f3b fizycznych za 2024 rok w 2025 roku<\/a>, organizacja nie mia\u0142a statusu organizacji po\u017cytku publicznego, wi\u0119c nie zosta\u0142a uwzgl\u0119dniona w tym wykazie. B\u0119dzie uj\u0119ta w kolejnym wykazie, tj. za 2025 rok w 2026 roku, je\u015bli terminowo zamie\u015bci sprawozdania za 2024 rok w\u00a0<a class=\"red\" href=\"https:\/\/niw.gov.pl\/opp\/sprawozdania-opp\/\" target=\"_blank\" rel=\"noopener\"><i class=\"fas fa-link\"><\/i>bazie sprawozda\u0144 organizacji po\u017cytku publicznego<\/a>, b\u0119dzie nadal mia\u0142a status organizacji po\u017cytku publicznego i nie zostanie postawiona w stan likwidacji albo upad\u0142o\u015bci.[\/vc_column_text][vc_column_text]<\/p>\n<h4>Podstawa prawna<\/h4>\n<p><a class=\"red\" href=\"https:\/\/isap.sejm.gov.pl\/isap.nsf\/DocDetails.xsp?id=WDU20030960873\" target=\"_blank\" rel=\"noopener nofollow\"><i class=\"fas fa-link\"><\/i> art. 27a ust. 1 ustawy z dnia 24 kwietnia 2003 r. o dzia\u0142alno\u015bci po\u017cytku publicznego i o wolontariacie (t.j. Dz. U. z 2024 poz. 1491, z p\u00f3\u017an. zm.)<\/a>[\/vc_column_text][\/vc_column][\/vc_row]<\/p>\n<\/div>\r\n\t\r\n\t<div class=\"faq_box\">\r\n<div class=\"faq_title\">Jak mo\u017cna dopisa\u0107 organizacj\u0119 do wykazu OPP uprawnionych do otrzymania 1,5% podatku? <\/div><p>[vc_row][vc_column][vc_column_text]Dyrektor Narodowego Instytutu Wolno\u015bci \u2013 Centrum Rozwoju Spo\u0142ecze\u0144stwa Obywatelskiego dopisuje do wykazu organizacji po\u017cytku publicznego uprawnionych do otrzymania 1,5% podatku za dany rok podatkowy te organizacje po\u017cytku publicznego, kt\u00f3re wyka\u017c\u0105, \u017ce niewywi\u0105zanie si\u0119 z <a class=\"red\" href=\"http:\/\/niw.gov.pl\/opp\/sprawozdania-opp\/\" target=\"_blank\" rel=\"noopener\"><i class=\"fas fa-link\"><\/i> obowi\u0105zku sprawozdawczego<\/a>\u00a0w terminie nast\u0105pi\u0142o\u00a0<strong>bez ich winy albo z przyczyn od nich niezale\u017cnych<\/strong>. Pisma (podpisane przez osoby do tego uprawnione w organizacji) w tej sprawie mo\u017cna kierowa\u0107 na adres <a class=\"red\" href=\"mailto:opp@niw.gov.pl\">opp@niw.gov.pl<\/a> (prosimy o za\u0142\u0105czenie skanu pisma) lub w formie papierowej na adres: al. Jana Paw\u0142a II, 00-124 Warszawa.[\/vc_column_text][vc_column_text]Wykaz za dany rok aktualizujemy raz na miesi\u0105c (w po\u0142owie miesi\u0105ca).[\/vc_column_text][vc_column_text]Je\u015bli organizacja otrzyma\u0142a status organizacji po\u017cytku publicznego w grudniu roku podatkowego, za kt\u00f3ry podatnik mo\u017ce przekaza\u0107 1,5% podatku dochodowego od os\u00f3b fizycznych, to do wykazu nie mo\u017ce by\u0107 dopisana, poniewa\u017c przepisy nie przewiduj\u0105 takiej mo\u017cliwo\u015bci.[\/vc_column_text][vc_column_text]<\/p>\n<h4>Podstawa prawna<\/h4>\n<p><a class=\"red\" href=\"https:\/\/isap.sejm.gov.pl\/isap.nsf\/DocDetails.xsp?id=WDU20030960873\" target=\"_blank\" rel=\"noopener nofollow\"><i class=\"fas fa-link\"><\/i> art. 27a ust. 3a ustawy z dnia 24 kwietnia 2003 r. o dzia\u0142alno\u015bci po\u017cytku publicznego i o wolontariacie (t.j. Dz. U. z 2024 r. poz. 1491, z p\u00f3\u017an. zm.)<\/a>[\/vc_column_text][\/vc_column][\/vc_row]<\/p>\n<\/div>\r\n\t\r\n\t<div class=\"faq_box\">\r\n<div class=\"faq_title\">Dlaczego mojej organizacji nie ma w wykazie OPP uprawnionych do otrzymania 1,5% podatku? <\/div><p>[vc_row][vc_column][vc_column_text]Je\u015bli organizacja w terminie nie zamie\u015bci\u0142a sprawozda\u0144 w\u00a0<a class=\"red\" href=\"http:\/\/niw.gov.pl\/opp\/sprawozdania-opp\/\" target=\"_blank\" rel=\"noopener\"><i class=\"fas fa-link\"><\/i> bazie sprawozda\u0144 organizacji po\u017cytku publicznego<\/a>, nie zostanie uwzgl\u0119dniona w\u00a0<a class=\"red\" href=\"http:\/\/niw.gov.pl\/opp\/wykaz-opp\/\" target=\"_blank\" rel=\"noopener\"><i class=\"fas fa-link\"><\/i> wykazie organizacji po\u017cytku publicznego uprawnionych do otrzymania 1,5% podatku dochodowego od os\u00f3b fizycznych<\/a>. Poza tym w tym wykazie nie ma organizacji, kt\u00f3re straci\u0142y status organizacji po\u017cytku publicznego albo zosta\u0142y wykre\u015blone z Krajowego Rejestru S\u0105dowego, a tak\u017ce takich, kt\u00f3re zosta\u0142y postawione w stan likwidacji lub upad\u0142o\u015bci, a informacja o tym zosta\u0142a wpisana do Krajowego Rejestru S\u0105dowego.[\/vc_column_text][vc_column_text]Z uwagi na to, \u017ce wykaz tworzony jest na dzie\u0144 30 listopada roku podatkowego, za kt\u00f3ry podatnik mo\u017ce przekaza\u0107 1,5% podatku dochodowego od os\u00f3b fizycznych, to organizacje, kt\u00f3re uzyska\u0142y status organizacji po\u017cytku publicznego ww. roku podatkowym, ale po 30 listopada, czyli w grudniu, to w tym wykazie r\u00f3wnie\u017c nie zostan\u0105 uwzgl\u0119dnione.[\/vc_column_text][vc_column_text]<\/p>\n<h4>Przyk\u0142ad 1<\/h4>\n<p>Organizacja, kt\u00f3rej rok obrotowy jest taki sam jak kalendarzowy, zamie\u015bci\u0142a sprawozdania za 2023 rok w <a class=\"red\" href=\"https:\/\/niw.gov.pl\/opp\/sprawozdania-opp\/\" target=\"_blank\" rel=\"noopener\"><i class=\"fas fa-link\"><\/i> bazie sprawozda\u0144 organizacji po\u017cytku publicznego<\/a> 12 sierpnia 2024 roku, czyli po terminie, kt\u00f3ry up\u0142yn\u0105\u0142 15 lipca 2024 roku. Nie jest wi\u0119c uj\u0119ta w wykazie organizacji po\u017cytku publicznego uprawnionych do otrzymania 1,5% podatku dochodowego od os\u00f3b fizycznych za 2024 rok w 2025 roku.<\/p>\n<p>Je\u015bli jednak organizacja zamie\u015bci\u0142a w terminie sprawozdania za 2024 rok w <a class=\"red\" href=\"https:\/\/niw.gov.pl\/opp\/sprawozdania-opp\/\" target=\"_blank\" rel=\"noopener\"><i class=\"fas fa-link\"><\/i> bazie sprawozda\u0144 organizacji po\u017cytku publicznego<\/a>, b\u0119dzie uwzgl\u0119dniona w kolejnym wykazie, tj. za 2025 rok w 2026 roku, czyli podatnicy b\u0119d\u0105 mogli jej przekaza\u0107 1,5% podatku, rozliczaj\u0105c si\u0119 za 2025 rok w 2026 roku.[\/vc_column_text][vc_column_text]<\/p>\n<h4>Przyk\u0142ad 2<\/h4>\n<p>S\u0105d wpisa\u0142 do KRS otwarcie likwidacji organizacji 21 maja 2025 roku. Podczas czerwcowej aktualizacji\u00a0 <a class=\"red\" href=\"http:\/\/niw.gov.pl\/opp\/wykaz-opp\/\" target=\"_blank\" rel=\"noopener\"><i class=\"fas fa-link\"><\/i>wykazu organizacji po\u017cytku publicznego uprawnionych do otrzymania 1,5% podatku dochodowego od os\u00f3b fizycznych za 2024 rok w 2025 roku<\/a> usun\u0119li\u015bmy t\u0119 organizacj\u0119 z wykazu, pomimo \u017ce w terminie zamie\u015bci\u0142a sprawozdania za 2023 rok w\u00a0<a class=\"red\" href=\"http:\/\/niw.gov.pl\/opp\/sprawozdania-opp\/\" target=\"_blank\" rel=\"noopener\"><i class=\"fas fa-link\"><\/i> bazie sprawozda\u0144 organizacji po\u017cytku publicznego<\/a>.[\/vc_column_text][vc_column_text]<\/p>\n<h4>Przyk\u0142ad 3<\/h4>\n<p>Organizacja uzyska\u0142a status organizacji po\u017cytku publicznego 8 grudnia 2024 roku, wi\u0119c nie zosta\u0142a uwzgl\u0119dniona w <a class=\"red\" href=\"http:\/\/niw.gov.pl\/opp\/wykaz-opp\/\" target=\"_blank\" rel=\"noopener\"><i class=\"fas fa-link\"><\/i> wykazie organizacji po\u017cytku publicznego uprawnionych do otrzymania 1,5% podatku dochodowego od os\u00f3b fizycznych za 2024 rok w 2025 roku<\/a>, bo 30 listopada 2024 roku nie mia\u0142a jeszcze statusu organizacji po\u017cytku publicznego. B\u0119dzie uwzgl\u0119dniona w kolejnym wykazie, tj. za 2025 rok w 2026 roku, je\u015bli terminowo zamie\u015bci sprawozdania za 2024 rok w\u00a0<a class=\"red\" href=\"http:\/\/niw.gov.pl\/opp\/sprawozdania-opp\/\" target=\"_blank\" rel=\"noopener\"><i class=\"fas fa-link\"><\/i> bazie sprawozda\u0144 organizacji po\u017cytku publicznego<\/a>.[\/vc_column_text][\/vc_column][\/vc_row][vc_row][vc_column][vc_column_text]<\/p>\n<h4>Podstawa prawna<\/h4>\n<p><a class=\"red\" href=\"https:\/\/isap.sejm.gov.pl\/isap.nsf\/DocDetails.xsp?id=WDU20030960873\" target=\"_blank\" rel=\"noopener nofollow\"><i class=\"fas fa-link\"><\/i> art. 27a ust. 1 i 3 ustawy z dnia 24 kwietnia 2003 r. o dzia\u0142alno\u015bci po\u017cytku publicznego i o wolontariacie (t.j. Dz. U. z 2024 r. poz. 1491, z p\u00f3\u017an. zm.)<\/a>[\/vc_column_text][\/vc_column][\/vc_row]<\/p>\n<\/div>\r\n  \r\n   <div class=\"space_60\"><\/div>\r\n<div class=\"row\">\r\n\r\n  <div class=\"col-lg-12\">\r\n  \r\n<button class=\"red_btn history_btn1\"  onClick=\"javascript:history.go(-1)\" type=\"button\">Back<\/button>\r\n<span class=\"a2a_kit a2a_kit_size_32\" data-a2a-url=\"#\" data-a2a-title=\"Homing :: NIW\">\r\n<a class=\"addtoany\" href=\"#\"><button class=\"system_btn print_btn\" type=\"button\"> &nbsp; NOTIFY A FRIEND <\/button><\/a>\r\n\r\n<\/span><\/div><\/div>[\/vc_column][\/vc_row]<\/p>\n","protected":false},"excerpt":{"rendered":"<p>[vc_row][vc_column][\/vc_column][\/vc_row]<\/p>\n","protected":false},"author":46,"featured_media":0,"parent":16526,"menu_order":6,"comment_status":"closed","ping_status":"closed","template":"page-templates\/about_niw_sub_pages.php","meta":{"_acf_changed":false,"inline_featured_image":false,"footnotes":""},"class_list":["post-16539","page","type-page","status-publish","hentry"],"acf":[],"_links":{"self":[{"href":"https:\/\/niw.gov.pl\/en\/wp-json\/wp\/v2\/pages\/16539","targetHints":{"allow":["GET"]}}],"collection":[{"href":"https:\/\/niw.gov.pl\/en\/wp-json\/wp\/v2\/pages"}],"about":[{"href":"https:\/\/niw.gov.pl\/en\/wp-json\/wp\/v2\/types\/page"}],"author":[{"embeddable":true,"href":"https:\/\/niw.gov.pl\/en\/wp-json\/wp\/v2\/users\/46"}],"replies":[{"embeddable":true,"href":"https:\/\/niw.gov.pl\/en\/wp-json\/wp\/v2\/comments?post=16539"}],"version-history":[{"count":1,"href":"https:\/\/niw.gov.pl\/en\/wp-json\/wp\/v2\/pages\/16539\/revisions"}],"predecessor-version":[{"id":16540,"href":"https:\/\/niw.gov.pl\/en\/wp-json\/wp\/v2\/pages\/16539\/revisions\/16540"}],"up":[{"embeddable":true,"href":"https:\/\/niw.gov.pl\/en\/wp-json\/wp\/v2\/pages\/16526"}],"wp:attachment":[{"href":"https:\/\/niw.gov.pl\/en\/wp-json\/wp\/v2\/media?parent=16539"}],"curies":[{"name":"wp","href":"https:\/\/api.w.org\/{rel}","templated":true}]}}