{"id":16541,"date":"2021-03-27T09:04:35","date_gmt":"2021-03-27T09:04:35","guid":{"rendered":"http:\/\/niw.gov.pl\/opp\/fundusz-wspierania-opp\/"},"modified":"2024-05-16T10:07:43","modified_gmt":"2024-05-16T08:07:43","slug":"fundusz-wspierania-opp","status":"publish","type":"page","link":"https:\/\/niw.gov.pl\/en\/pbo\/fundusz-wspierania-opp\/","title":{"rendered":"Fundusz Wspierania OPP"},"content":{"rendered":"<p>[vc_row][vc_column][vc_column_text]Celem Funduszu Wspierania Organizacji Po\u017cytku Publicznego (FWOPP) jest wzmocnienie potencja\u0142u organizacji po\u017cytku publicznego poprzez wyr\u00f3wnywanie ich szans. Dysponentem tego pa\u0144stwowego funduszu celowego jest Dyrektor Narodowego Instytutu Wolno\u015bci\u00a0\u00a0\u2013 Centrum Rozwoju Spo\u0142ecze\u0144stwa Obywatelskiego (Dyrektor NIW-CRSO).[\/vc_column_text][vc_column_text]\u015arodki finansowe FWOPP pochodz\u0105 z:[\/vc_column_text][vc_column_text el_class=&#8221;subpage&#8221;]<\/p>\n<ul>\n<li>1,5% podatku dochodowego od os\u00f3b fizycznych niewydatkowanego przez organizacje, kt\u00f3re straci\u0142y status organizacji po\u017cytku publicznego,<\/li>\n<li>1,5% podatku dochodowego od os\u00f3b fizycznych wydatkowanego w innym celu ni\u017c na prowadzenie dzia\u0142alno\u015bci po\u017cytku publicznego,<\/li>\n<li>1,5% podatku dochodowego od os\u00f3b fizycznych przekazanego na rzecz organizacji po\u017cytku publicznego, kt\u00f3ra nie zosta\u0142a uwzgl\u0119dniona w wykazie organizacji po\u017cytku publicznego uprawnionych do otrzymania 1,5% podatku za dany rok podatkowy, oraz nale\u017cnych odsetek,<\/li>\n<li>odsetek od wolnych \u015brodk\u00f3w przekazanych przez Dyrektora NIW-CRSO w zarz\u0105dzanie Ministrowi Finans\u00f3w.<\/li>\n<\/ul>\n<p>[\/vc_column_text][vc_column_text]\u015arodki z FWOPP s\u0105 rozdysponowywane w ramach otwartego konkursu ofert.[\/vc_column_text][vc_separator][vc_column_text]Na rachunek bankowy FWOPP\u00a0\u00a0<strong>27 1130 1017 0080 0993 3220 0007<\/strong> organizacje po\u017cytku publicznego przekazuj\u0105 \u015brodki finansowe pochodz\u0105ce z 1,5% podatku dochodowego od os\u00f3b fizycznych, je\u015bli:[\/vc_column_text][vc_column_text el_class=&#8221;subpage&#8221;]<\/p>\n<ul>\n<li><strong>straci\u0142y status organizacji po\u017cytku publicznego<\/strong>\u00a0i na dzie\u0144 wydania postanowienia s\u0105dowego\u00a0<strong>posiadaj\u0105 niewydatkowane \u015brodki finansowe pochodz\u0105ce z 1,5% podatku<\/strong>\u00a0\u2013 na wp\u0142at\u0119 maj\u0105 14 dni od dnia uprawomocnienia si\u0119 tego postanowienia,<\/li>\n<li>Dyrektor NIW-CRSO wyda\u0142\u00a0<strong>decyzj\u0119 zobowi\u0105zuj\u0105c\u0105 do zwrotu nieprawid\u0142owo wydanych \u015brodk\u00f3w finansowych pochodz\u0105cych z 1,5% podatku<\/strong>, tj. wydatkowanych w innym celu ni\u017c na prowadzenie dzia\u0142alno\u015bci po\u017cytku publicznego, na podstawie kontroli zleconej przez Przewodnicz\u0105cego Komitetu do spraw Po\u017cytku Publicznego lub kontroli przeprowadzonej przez inny organ kontroli pa\u0144stwowej, naczelnika urz\u0119du skarbowego lub naczelnika urz\u0119du celno-skarbowego\u00a0\u2013 kwota podlegaj\u0105ca zwrotowi i termin, od kt\u00f3rego nalicza si\u0119 odsetki s\u0105 okre\u015blone w tej decyzji,<\/li>\n<li>Dyrektor NIW-CRSO wyda\u0142\u00a0<strong>decyzj\u0119 zobowi\u0105zuj\u0105c\u0105 do zwrotu \u015brodk\u00f3w finansowych pochodz\u0105cych z 1,5% podatku przekazanych na rzecz organizacji po\u017cytku publicznego, kt\u00f3ra nie zosta\u0142a uwzgl\u0119dniona w wykazie organizacji po\u017cytku publicznego uprawnionych do otrzymania 1,5% podatku za dany rok podatkowy<\/strong>\u00a0\u2013 kwota podlegaj\u0105ca zwrotowi i termin, od kt\u00f3rego nalicza si\u0119 odsetki s\u0105 okre\u015blone w tej decyzji.<\/li>\n<\/ul>\n<p>[\/vc_column_text][vc_separator][vc_custom_heading text=&#8221;Podstawa prawna&#8221; font_container=&#8221;tag:h3|text_align:left&#8221; use_theme_fonts=&#8221;yes&#8221;][vc_empty_space height=&#8221;20px&#8221;][vc_column_text]art. 27ab, art. 21 ust. 7 pkt 2, art. 27 ust. 2a, art. 27aa\u00a0<a class=\"red\" href=\"https:\/\/isap.sejm.gov.pl\/isap.nsf\/DocDetails.xsp?id=WDU20230000571\" target=\"_blank\" rel=\"noopener nofollow\"><i class=\"fas fa-link\"><\/i> ustawy z dnia 24 kwietnia 2003 r. o dzia\u0142alno\u015bci po\u017cytku publicznego i o wolontariacie (t.j. Dz. U. z 2023 r. poz. 571)<\/a><\/p>\n<p>art. 78d ust. 2\u00a0<a class=\"red\" href=\"https:\/\/isap.sejm.gov.pl\/isap.nsf\/DocDetails.xsp?id=wdu20091571240\" target=\"_blank\" rel=\"noopener nofollow\"><i class=\"fas fa-link\"><\/i> ustawy z dnia 27 sierpnia 2009 r. o finansach publicznych (t.j. Dz. U. z 2022 r. poz. 1634, z p\u00f3\u017an. zm.)<\/a>[\/vc_column_text][\/vc_column][\/vc_row][vc_row][vc_column][vc_raw_html]JTNDZGl2JTIwY2xhc3MlM0QlMjJzcGFjZV8yMCUyMiUzRSUzQyUyRmRpdiUzRSUwQSUzQ2J1dHRvbiUyMGNsYXNzJTNEJTIycmVkX2J0biUyMGhpc3RvcnlfYnRuMSUyMiUyMG9uQ2xpY2slM0QlMjJqYXZhc2NyaXB0JTNBaGlzdG9yeS5nbyUyOC0xJTI5JTIyJTIwdHlwZSUzRCUyMmJ1dHRvbiUyMiUzRXdyJTI2b2FjdXRlJTNCJTI2JTIzMjYzJTNCJTNDJTJGYnV0dG9uJTNF[\/vc_raw_html][\/vc_column][\/vc_row][vc_row][vc_column]\n\t\t\t\n\t\t\t<div class=\"bip\">\n<div class=\"bip_ic\">\n <img decoding=\"async\" src=\"https:\/\/niw.gov.pl\/wp-content\/themes\/niw\/images\/bip_logo.png\" alt=\"Niw Bip\">\n <\/div>\n  <div class=\"bip_text\">Fundusz Wspierania OPP<\/div>\n    <button title=\"bip\" data-toggle=\"collapse\" data-target=\"#bip\" aria-expanded=\"show\" aria-controls=\"collapseExample\" class=\"bip_btn right\" type=\"button\"> <img decoding=\"async\" src=\"https:\/\/niw.gov.pl\/wp-content\/themes\/niw\/images\/arrow_down_grey.png\" alt=\"arrow_down_grey.png\"><\/button>\n<div class=\"clr\"><\/div><\/div><div class=\"collapse show\" id=\"bip\">\n<div class=\"bip_content\">\n<div class=\"row\">\n<div class=\"col-lg-4 col-md-4 col-sm-12 bip_content_text\">Podmiot udost\u0119pniaj\u0105cy:<\/div>\n<div class=\"col-lg-8 col-md-8 col-sm-12 bip_content_text\"> Narodowy Instytut Wolno\u015bci - Centrum Rozwoju Spo\u0142ecze\u0144stwa Obywatelskiego<\/div>\n\n<div class=\"line\"><\/div>\n\n<div class=\"col-lg-4 col-md-4 col-sm-12 bip_content_text\">Wytworzy\u0142 informacj\u0119:<\/div>\n<div class=\"col-lg-3 col-md-3 col-sm-12 bip_content_text\">admin<\/div>\n<div class=\"col-lg-5 col-md-5 col-sm-12 admin_bg\">March 27, 2021&nbsp;09:04<\/div>\n\n<div class=\"line\"><\/div>\n\n<div class=\"col-lg-4 col-md-4 col-sm-12 bip_content_text\">Wprowadzi\u0142 informacj\u0119 do BIP:<\/div>\n<div class=\"col-lg-3 col-md-3 col-sm-12 bip_content_text\">admin<\/div>\n<div class=\"col-lg-5 col-md-5 col-sm-12 admin_bg\">March 27, 2021&nbsp;09:04<\/div>\n\n<div class=\"line\"><\/div>\n\n<div class=\"col-lg-4 col-md-4 col-sm-12 bip_content_text\">Ostatnio modyfikowa\u0142:<\/div>\n<div class=\"col-lg-3 col-md-3 col-sm-12 bip_content_text\"><\/div>\n<div class=\"col-lg-5 col-md-5 col-sm-12 admin_bg\">May 16, 2024&nbsp;10:07<\/div>\n\n<div class=\"line\"><\/div>\n\n<div class=\"col-lg-4 col-md-4 col-sm-12\">Historia zmian:<\/div><div class=\"col-lg-8 col-md-8 col-sm-12\"><div class=\"post-revisions\">\n\t<p>Zaktualizowane May 16, 2024 @ 10:07:43 [Current Revision] przez <\/p>\n\n\t<p>Zaktualizowane <a href=\"https:\/\/niw.gov.pl\/en\/pbo\/fundusz-wspierania-opp\/?rev=57274\" class=\"revision\">May 16, 2024 @ 09:53:09<\/a> przez Martyna Leciak<\/p>\n\t<p>Zaktualizowane <a href=\"https:\/\/niw.gov.pl\/en\/pbo\/fundusz-wspierania-opp\/?rev=57272\" class=\"revision\">May 16, 2024 @ 09:51:42<\/a> przez Martyna Leciak<\/p>\n\n\n<\/div><\/div>\n\n\n<\/div>\n\n\n<\/div>   \n<\/div>[\/vc_column][\/vc_row]<\/p>\n","protected":false},"excerpt":{"rendered":"<p>[vc_row][vc_column][vc_column_text]Celem Funduszu Wspierania Organizacji Po\u017cytku Publicznego (FWOPP) jest wzmocnienie potencja\u0142u organizacji po\u017cytku publicznego poprzez wyr\u00f3wnywanie ich szans. Dysponentem tego pa\u0144stwowego funduszu celowego jest Dyrektor Narodowego Instytutu Wolno\u015bci\u00a0\u00a0\u2013 Centrum Rozwoju Spo\u0142ecze\u0144stwa Obywatelskiego (Dyrektor NIW-CRSO).[\/vc_column_text][vc_column_text]\u015arodki finansowe FWOPP pochodz\u0105 z:[\/vc_column_text][vc_column_text el_class=&#8221;subpage&#8221;] 1,5% podatku dochodowego od os\u00f3b fizycznych niewydatkowanego przez organizacje, kt\u00f3re straci\u0142y status organizacji po\u017cytku publicznego, 1,5% podatku<\/p>\n","protected":false},"author":46,"featured_media":0,"parent":16519,"menu_order":4,"comment_status":"closed","ping_status":"closed","template":"page-templates\/about_niw_sub_pages.php","meta":{"_acf_changed":false,"inline_featured_image":false,"footnotes":""},"class_list":["post-16541","page","type-page","status-publish","hentry"],"acf":[],"_links":{"self":[{"href":"https:\/\/niw.gov.pl\/en\/wp-json\/wp\/v2\/pages\/16541","targetHints":{"allow":["GET"]}}],"collection":[{"href":"https:\/\/niw.gov.pl\/en\/wp-json\/wp\/v2\/pages"}],"about":[{"href":"https:\/\/niw.gov.pl\/en\/wp-json\/wp\/v2\/types\/page"}],"author":[{"embeddable":true,"href":"https:\/\/niw.gov.pl\/en\/wp-json\/wp\/v2\/users\/46"}],"replies":[{"embeddable":true,"href":"https:\/\/niw.gov.pl\/en\/wp-json\/wp\/v2\/comments?post=16541"}],"version-history":[{"count":10,"href":"https:\/\/niw.gov.pl\/en\/wp-json\/wp\/v2\/pages\/16541\/revisions"}],"predecessor-version":[{"id":57276,"href":"https:\/\/niw.gov.pl\/en\/wp-json\/wp\/v2\/pages\/16541\/revisions\/57276"}],"up":[{"embeddable":true,"href":"https:\/\/niw.gov.pl\/en\/wp-json\/wp\/v2\/pages\/16519"}],"wp:attachment":[{"href":"https:\/\/niw.gov.pl\/en\/wp-json\/wp\/v2\/media?parent=16541"}],"curies":[{"name":"wp","href":"https:\/\/api.w.org\/{rel}","templated":true}]}}