{"id":16543,"date":"2021-03-27T09:05:57","date_gmt":"2021-03-27T09:05:57","guid":{"rendered":"http:\/\/niw.gov.pl\/opp\/akty-prawne\/"},"modified":"2025-09-17T14:22:49","modified_gmt":"2025-09-17T12:22:49","slug":"akty-prawne","status":"publish","type":"page","link":"https:\/\/niw.gov.pl\/en\/pbo\/akty-prawne\/","title":{"rendered":"Akty prawne"},"content":{"rendered":"<p>[vc_row][vc_column][vc_column_text]Podstawowym aktem prawnym stanowi\u0105cym o organizacjach po\u017cytku publicznego jest\u00a0<a class=\"red\" href=\"https:\/\/isap.sejm.gov.pl\/isap.nsf\/DocDetails.xsp?id=wdu20030960873\" target=\"_blank\" rel=\"noopener nofollow\"><i class=\"fas fa-link\"><\/i> ustawa z dnia 24 kwietnia 2003 r. o dzia\u0142alno\u015bci po\u017cytku publicznego i o wolontariacie (t.j. Dz. U. z 2024 r. poz. 1491, z p\u00f3\u017an. zm.)<\/a>\u00a0\u2013 rozdzia\u0142y 3 i 4 (art. 20 \u2013 art. 34).[\/vc_column_text][vc_column_text]Poni\u017cej zamieszczamy inne akty prawne reguluj\u0105ce kwestie zwi\u0105zane z organizacjami po\u017cytku publicznego.[\/vc_column_text] <div class=\"row baza\"><div class=\"col-lg-6 col-md-6 col-sm-12\">\r\n  <a href=\"https:\/\/niw.gov.pl\/en\/?post_type=page&amp;p=16396\"><div class=\"documents_box\">\r\n        <div class=\"documents_box_img\"> <img decoding=\"async\" src=\"https:\/\/niw.gov.pl\/wp-content\/uploads\/2021\/04\/img8.jpg\" alt=\"News\" class=\"img-hover-zoom\"><\/div>\r\n        <div class=\"documents_box_text\">News<\/div>\r\n        <div class=\"clr\"><\/div>\r\n      <\/div><\/a><\/div><div class=\"col-lg-6 col-md-6 col-sm-12\">\r\n  <a href=\"https:\/\/niw.gov.pl\/en\/?post_type=page&amp;p=16455\"><div class=\"documents_box\">\r\n        <div class=\"documents_box_img\"> <img decoding=\"async\" src=\"https:\/\/niw.gov.pl\/wp-content\/uploads\/2024\/04\/O-NIW.jpg\" alt=\"About NFI\" class=\"img-hover-zoom\"><\/div>\r\n        <div class=\"documents_box_text\">About NFI<\/div>\r\n        <div class=\"clr\"><\/div>\r\n      <\/div><\/a><\/div><div class=\"col-lg-6 col-md-6 col-sm-12\">\r\n  <a href=\"https:\/\/niw.gov.pl\/en\/?post_type=page&amp;p=16091\"><div class=\"documents_box\">\r\n        <div class=\"documents_box_img\"> <img decoding=\"async\" src=\"https:\/\/niw.gov.pl\/wp-content\/uploads\/2021\/04\/img29.jpg\" alt=\"Our Programmes\" class=\"img-hover-zoom\"><\/div>\r\n        <div class=\"documents_box_text\">Our Programmes<\/div>\r\n        <div class=\"clr\"><\/div>\r\n      <\/div><\/a><\/div><div class=\"col-lg-6 col-md-6 col-sm-12\">\r\n  <a href=\"https:\/\/niw.gov.pl\/en\/?post_type=page&amp;p=16519\"><div class=\"documents_box\">\r\n        <div class=\"documents_box_img\"> <img decoding=\"async\" src=\"https:\/\/niw.gov.pl\/wp-content\/uploads\/2021\/04\/OPP-header.png\" alt=\"PBO\" class=\"img-hover-zoom\"><\/div>\r\n        <div class=\"documents_box_text\">PBO<\/div>\r\n        <div class=\"clr\"><\/div>\r\n      <\/div><\/a><\/div><div class=\"col-lg-6 col-md-6 col-sm-12\">\r\n  <a href=\"https:\/\/niw.gov.pl\/en\/?post_type=page&amp;p=16385\"><div class=\"documents_box\">\r\n        <div class=\"documents_box_img\"> <img decoding=\"async\" src=\"https:\/\/niw.gov.pl\/wp-content\/uploads\/2021\/04\/img33.jpg\" alt=\"NFI Academy\" class=\"img-hover-zoom\"><\/div>\r\n        <div class=\"documents_box_text\">NFI Academy<\/div>\r\n        <div class=\"clr\"><\/div>\r\n      <\/div><\/a><\/div><div class=\"col-lg-6 col-md-6 col-sm-12\">\r\n  <a href=\"https:\/\/niw.gov.pl\/en\/?post_type=page&amp;p=16451\"><div class=\"documents_box\">\r\n        <div class=\"documents_box_img\"> <img decoding=\"async\" src=\"https:\/\/niw.gov.pl\/wp-content\/uploads\/2021\/07\/kontakt230.png\" alt=\"Contact\" class=\"img-hover-zoom\"><\/div>\r\n        <div class=\"documents_box_text\">Contact<\/div>\r\n        <div class=\"clr\"><\/div>\r\n      <\/div><\/a><\/div><div class=\"col-lg-6 col-md-6 col-sm-12\">\r\n  <a href=\"https:\/\/niw.gov.pl\/en\/?post_type=page&amp;p=16399\"><div class=\"documents_box\">\r\n        <div class=\"documents_box_img\"> <img decoding=\"async\" src=\"https:\/\/niw.gov.pl\/wp-content\/uploads\/2021\/07\/bazawiedzy230-ksiazki.png\" alt=\"Knowledge Base\" class=\"img-hover-zoom\"><\/div>\r\n        <div class=\"documents_box_text\">Knowledge Base<\/div>\r\n        <div class=\"clr\"><\/div>\r\n      <\/div><\/a><\/div><div class=\"col-lg-6 col-md-6 col-sm-12\">\r\n  <a href=\"https:\/\/niw.gov.pl\/en\/?post_type=page&amp;p=16569\"><div class=\"documents_box\">\r\n        <div class=\"documents_box_img\"> <img decoding=\"async\" src=\"https:\/\/niw.gov.pl\/wp-content\/uploads\/2021\/04\/event_banner.jpg\" alt=\"Events\" class=\"img-hover-zoom\"><\/div>\r\n        <div class=\"documents_box_text\">Events<\/div>\r\n        <div class=\"clr\"><\/div>\r\n      <\/div><\/a><\/div> <\/div>[\/vc_column][\/vc_row][vc_row][vc_column][vc_raw_html]JTNDZGl2JTIwY2xhc3MlM0QlMjJzcGFjZV8yMCUyMiUzRSUzQyUyRmRpdiUzRSUwQSUzQ2J1dHRvbiUyMGNsYXNzJTNEJTIycmVkX2J0biUyMGhpc3RvcnlfYnRuMSUyMiUyMG9uQ2xpY2slM0QlMjJqYXZhc2NyaXB0JTNBaGlzdG9yeS5nbyUyOC0xJTI5JTIyJTIwdHlwZSUzRCUyMmJ1dHRvbiUyMiUzRXdyJTI2b2FjdXRlJTNCJTI2JTIzMjYzJTNCJTNDJTJGYnV0dG9uJTNF[\/vc_raw_html][\/vc_column][\/vc_row]<\/p>\n","protected":false},"excerpt":{"rendered":"<p>[vc_row][vc_column][vc_column_text]Podstawowym aktem prawnym stanowi\u0105cym o organizacjach po\u017cytku publicznego jest\u00a0 ustawa z dnia 24 kwietnia 2003 r. o dzia\u0142alno\u015bci po\u017cytku publicznego i o wolontariacie (t.j. Dz. U. z 2024 r. poz. 1491, z p\u00f3\u017an. zm.)\u00a0\u2013 rozdzia\u0142y 3 i 4 (art. 20 \u2013 art. 34).[\/vc_column_text][vc_column_text]Poni\u017cej zamieszczamy inne akty prawne reguluj\u0105ce kwestie zwi\u0105zane z organizacjami po\u017cytku publicznego.[\/vc_column_text][\/vc_column][\/vc_row][vc_row][vc_column][vc_raw_html]JTNDZGl2JTIwY2xhc3MlM0QlMjJzcGFjZV8yMCUyMiUzRSUzQyUyRmRpdiUzRSUwQSUzQ2J1dHRvbiUyMGNsYXNzJTNEJTIycmVkX2J0biUyMGhpc3RvcnlfYnRuMSUyMiUyMG9uQ2xpY2slM0QlMjJqYXZhc2NyaXB0JTNBaGlzdG9yeS5nbyUyOC0xJTI5JTIyJTIwdHlwZSUzRCUyMmJ1dHRvbiUyMiUzRXdyJTI2b2FjdXRlJTNCJTI2JTIzMjYzJTNCJTNDJTJGYnV0dG9uJTNF[\/vc_raw_html][\/vc_column][\/vc_row]<\/p>\n","protected":false},"author":46,"featured_media":0,"parent":16519,"menu_order":5,"comment_status":"closed","ping_status":"closed","template":"page-templates\/about_niw_sub_pages.php","meta":{"_acf_changed":false,"inline_featured_image":false,"footnotes":""},"class_list":["post-16543","page","type-page","status-publish","hentry"],"acf":[],"_links":{"self":[{"href":"https:\/\/niw.gov.pl\/en\/wp-json\/wp\/v2\/pages\/16543","targetHints":{"allow":["GET"]}}],"collection":[{"href":"https:\/\/niw.gov.pl\/en\/wp-json\/wp\/v2\/pages"}],"about":[{"href":"https:\/\/niw.gov.pl\/en\/wp-json\/wp\/v2\/types\/page"}],"author":[{"embeddable":true,"href":"https:\/\/niw.gov.pl\/en\/wp-json\/wp\/v2\/users\/46"}],"replies":[{"embeddable":true,"href":"https:\/\/niw.gov.pl\/en\/wp-json\/wp\/v2\/comments?post=16543"}],"version-history":[{"count":8,"href":"https:\/\/niw.gov.pl\/en\/wp-json\/wp\/v2\/pages\/16543\/revisions"}],"predecessor-version":[{"id":65374,"href":"https:\/\/niw.gov.pl\/en\/wp-json\/wp\/v2\/pages\/16543\/revisions\/65374"}],"up":[{"embeddable":true,"href":"https:\/\/niw.gov.pl\/en\/wp-json\/wp\/v2\/pages\/16519"}],"wp:attachment":[{"href":"https:\/\/niw.gov.pl\/en\/wp-json\/wp\/v2\/media?parent=16543"}],"curies":[{"name":"wp","href":"https:\/\/api.w.org\/{rel}","templated":true}]}}