{"id":16549,"date":"2021-04-29T10:22:29","date_gmt":"2021-04-29T10:22:29","guid":{"rendered":"http:\/\/niw.gov.pl\/opp\/akty-prawne\/sprawozdania\/"},"modified":"2025-12-31T14:23:10","modified_gmt":"2025-12-31T13:23:10","slug":"sprawozdania","status":"publish","type":"page","link":"https:\/\/niw.gov.pl\/en\/pbo\/akty-prawne\/sprawozdania\/","title":{"rendered":"Sprawozdania"},"content":{"rendered":"<p>[vc_row][vc_column][vc_column_text el_class=&#8221;subpage&#8221;]<a class=\"red\" href=\"https:\/\/isap.sejm.gov.pl\/isap.nsf\/DocDetails.xsp?id=WDU20230000120\" target=\"_blank\" rel=\"noopener nofollow\"><i class=\"fas fa-link\"><\/i> Ustawa z dnia 29 wrze\u015bnia 1994 r. o rachunkowo\u015bci<\/a> (t.j. Dz. U. z 2023 r. poz. 120, z p\u00f3\u017an. zm)<\/p>\n<p>&nbsp;<\/p>\n<p><a class=\"red\" href=\"http:\/\/isap.sejm.gov.pl\/isap.nsf\/DocDetails.xsp?id=WDU20180002148\" target=\"_blank\" rel=\"noopener nofollow\"><i class=\"fas fa-link\"><\/i>Rozporz\u0105dzenie Ministra Finans\u00f3w z dnia 13 listopada 2018 r. w sprawie obowi\u0105zku badania sprawozda\u0144 finansowych organizacji po\u017cytku publicznego<\/a>\u00a0 (Dz. U. poz. 2148)<\/p>\n<p>&nbsp;<\/p>\n<p><a class=\"red\" href=\"https:\/\/dziennikustaw.gov.pl\/DU\/2025\/1873\" target=\"_blank\" rel=\"noopener nofollow\"><i class=\"fas fa-link\"><\/i>Rozporz\u0105dzenie Ministra Finans\u00f3w i Gospodarki z dnia 22 grudnia 2025 r. uchylaj\u0105ce rozporz\u0105dzenie w sprawie obowi\u0105zku badania sprawozda\u0144 finansowych organizacji po\u017cytku publicznego<\/a>\u00a0 (Dz. U. poz. 1873)<\/p>\n<p>&nbsp;<\/p>\n<p><a class=\"red\" href=\"https:\/\/dziennikustaw.gov.pl\/DU\/2022\/561\" target=\"_blank\" rel=\"noopener nofollow\"><i class=\"fas fa-link\"><\/i>Rozporz\u0105dzenie Ministra Finans\u00f3w z dnia 7 marca 2022 r. zmieniaj\u0105ce rozporz\u0105dzenie w sprawie okre\u015blenia innych termin\u00f3w wype\u0142niania obowi\u0105zk\u00f3w w zakresie ewidencji oraz w zakresie sporz\u0105dzenia, zatwierdzenia, udost\u0119pnienia i przekazania do w\u0142a\u015bciwego rejestru, jednostki lub organu sprawozda\u0144 lub informacji<\/a>\u00a0(Dz. U. poz. 561)<\/p>\n<p>&nbsp;<\/p>\n<p><a class=\"red\" href=\"https:\/\/dziennikustaw.gov.pl\/DU\/2021\/572\" target=\"_blank\" rel=\"noopener nofollow\"><i class=\"fas fa-link\"><\/i> Rozporz\u0105dzenie Ministra Finans\u00f3w, Funduszy i Polityki Regionalnej z dnia 26 marca 2021 r. zmieniaj\u0105ce rozporz\u0105dzenie w sprawie okre\u015blenia innych termin\u00f3w wype\u0142niania obowi\u0105zk\u00f3w w zakresie ewidencji oraz w zakresie sporz\u0105dzenia, zatwierdzenia, udost\u0119pnienia i przekazania do w\u0142a\u015bciwego rejestru, jednostki lub organu sprawozda\u0144 lub informacji<\/a>\u00a0(Dz. U. poz. 572)<\/p>\n<p>&nbsp;<\/p>\n<p><a class=\"red\" href=\"http:\/\/niw.gov.pl\/wp-content\/uploads\/2021\/04\/D2020000057001-1.pdf\" target=\"_blank\" rel=\"noopener\"><i class=\"fas fa-link\"><\/i> Rozporz\u0105dzenia Ministra Finans\u00f3w z dnia 31 marca 2020 r. w sprawie okre\u015blenia innych termin\u00f3w wype\u0142niania obowi\u0105zk\u00f3w w zakresie ewidencji oraz w zakresie sporz\u0105dzenia, zatwierdzenia, udost\u0119pnienia i przekazania do w\u0142a\u015bciwego rejestru, jednostki lub organu sprawozda\u0144 lub informacji<\/a>\u00a0(Dz. U. poz. 570)<\/p>\n<p>&nbsp;<\/p>\n<p><a class=\"red\" href=\"https:\/\/dziennikustaw.gov.pl\/DU\/2022\/797\" target=\"_blank\" rel=\"noopener nofollow\"><i class=\"fas fa-link\"><\/i> Rozporz\u0105dzenie Przewodnicz\u0105cego Komitetu do spraw Po\u017cytku Publicznego z dnia 7 kwietnia 2022 roku w sprawie w sprawie okre\u015blenia innego terminu w zakresie zamieszczenia przez organizacje po\u017cytku publicznego sprawozdania merytorycznego z dzia\u0142alno\u015bci i sprawozdania finansowego w roku 2022<\/a> (Dz. U. poz. 797)<\/p>\n<p>&nbsp;<\/p>\n<p><a class=\"red\" href=\"https:\/\/dziennikustaw.gov.pl\/DU\/2021\/917\" target=\"_blank\" rel=\"noopener nofollow\"><i class=\"fas fa-link\"><\/i> Rozporz\u0105dzenie Przewodnicz\u0105cego Komitetu do spraw Po\u017cytku Publicznego z dnia 17 maja 2021 roku w sprawie w sprawie okre\u015blenia innego terminu w zakresie zamieszczenia przez organizacje po\u017cytku publicznego sprawozdania merytorycznego z dzia\u0142alno\u015bci i sprawozdania finansowego w roku 2021<\/a> (Dz. U. poz. 917)<\/p>\n<p>&nbsp;<\/p>\n<p><a class=\"red\" href=\"https:\/\/dziennikustaw.gov.pl\/DU\/2020\/906\" target=\"_blank\" rel=\"noopener nofollow\"><i class=\"fas fa-link\"><\/i> Rozporz\u0105dzenie Przewodnicz\u0105cego Komitetu do spraw Po\u017cytku Publicznego z dnia 18 maja 2020 roku w sprawie w sprawie okre\u015blenia innego terminu w zakresie zamieszczenia przez organizacje po\u017cytku publicznego sprawozdania merytorycznego z dzia\u0142alno\u015bci i sprawozdania finansowego w roku 2020<\/a> (Dz. U. poz. 906)<\/p>\n<p>&nbsp;<\/p>\n<p><a class=\"red\" href=\"https:\/\/dziennikustaw.gov.pl\/DU\/2018\/2061\" target=\"_blank\" rel=\"noopener nofollow\"><i class=\"fas fa-link\"><\/i> Rozporz\u0105dzenie Przewodnicz\u0105cego Komitetu do spraw Po\u017cytku Publicznego z dnia 24 pa\u017adziernika 2018 r. w sprawie wzor\u00f3w rocznego sprawozdania merytorycznego oraz rocznego uproszczonego sprawozdania merytorycznego z dzia\u0142alno\u015bci organizacji po\u017cytku publicznego<\/a> (Dz. U. poz. 2061) \u2013 dotyczy sprawozda\u0144 od roku obrotowego rozpocz\u0119tego w 2018 roku, a zako\u0144czonego nie p\u00f3\u017aniej ni\u017c 31 grudnia 2022 roku:[\/vc_column_text][vc_row_inner][vc_column_inner width=&#8221;1\/2&#8243;]<div class=\"row\">\n\t\t\t\t<div class=\"col-lg-12 col-md-12 col-sm-12 media_text\">\n\t\t\t\t\t<div class=\"download_box\">\n\t\t\t\t<div class=\"download_text\">\n\t\t\t\t\t<a href=\"https:\/\/niw.gov.pl\/wp-content\/uploads\/2021\/04\/sprawozdanie-merytoryczne-opp_2018-1.docx\" download>Wz\u00f3r rocznego sprawozdania merytorycznego<\/a><\/div><br><br><span><img decoding=\"async\" src=\"https:\/\/niw.gov.pl\/wp-content\/themes\/niw\/images\/DOC.png\" alt=\"DOC.png\"><\/button> 0.06MB<\/span><a href=\"https:\/\/niw.gov.pl\/wp-content\/uploads\/2021\/04\/sprawozdanie-merytoryczne-opp_2018-1.docx\" download><button class=\"download_btn\" type=\"button\"> <img decoding=\"async\" src=\"https:\/\/niw.gov.pl\/wp-content\/themes\/niw\/images\/arrow7.png\" alt=\"arrow7.png\"><\/button><\/a> <div class=\"clr\">\n\n<\/div><\/div><\/div><\/div>[\/vc_column_inner][vc_column_inner width=&#8221;1\/2&#8243;]<div class=\"row\">\n\t\t\t\t<div class=\"col-lg-12 col-md-12 col-sm-12 media_text\">\n\t\t\t\t\t<div class=\"download_box\">\n\t\t\t\t<div class=\"download_text\">\n\t\t\t\t\t<a href=\"https:\/\/niw.gov.pl\/wp-content\/uploads\/2021\/04\/uproszczone-sprawozdanie-merytoryczne-opp_2018-1.docx\" download>Wz\u00f3r rocznego uproszczonego sprawozdania merytorycznego<\/a><\/div><br><br><span><img decoding=\"async\" src=\"https:\/\/niw.gov.pl\/wp-content\/themes\/niw\/images\/DOC.png\" alt=\"DOC.png\"><\/button> 0.04MB<\/span><a href=\"https:\/\/niw.gov.pl\/wp-content\/uploads\/2021\/04\/uproszczone-sprawozdanie-merytoryczne-opp_2018-1.docx\" download><button class=\"download_btn\" type=\"button\"> <img decoding=\"async\" src=\"https:\/\/niw.gov.pl\/wp-content\/themes\/niw\/images\/arrow7.png\" alt=\"arrow7.png\"><\/button><\/a> <div class=\"clr\">\n\n<\/div><\/div><\/div><\/div>[\/vc_column_inner][\/vc_row_inner][\/vc_column][\/vc_row][vc_row][vc_column][vc_column_text el_class=&#8221;subpage&#8221;]<a class=\"red\" href=\"https:\/\/dziennikustaw.gov.pl\/DU\/rok\/2022\/pozycja\/2763\" target=\"_blank\" rel=\"noopener nofollow\"><i class=\"fas fa-link\"><\/i>Rozporz\u0105dzenie Przewodnicz\u0105cego Komitetu do spraw Po\u017cytku Publicznego z dnia 20 grudnia 2022 r. zmieniaj\u0105ce rozporz\u0105dzenie w sprawie wzor\u00f3w rocznego sprawozdania merytorycznego oraz rocznego uproszczonego sprawozdania merytorycznego z dzia\u0142alno\u015bci organizacji po\u017cytku publicznego<\/a> (Dz. U. poz. 2763)<\/p>\n<p>&nbsp;<\/p>\n<p><a class=\"red\" href=\"http:\/\/isap.sejm.gov.pl\/isap.nsf\/DocDetails.xsp?id=WDU20130000234\" target=\"_blank\" rel=\"noopener nofollow\"><i class=\"fas fa-link\"><\/i> Rozporz\u0105dzenie Ministra Pracy i Polityki Spo\u0142ecznej z dnia 12 lutego 2013 r. w sprawie wzor\u00f3w rocznego sprawozdania merytorycznego oraz rocznego uproszczonego sprawozdania merytorycznego z dzia\u0142alno\u015bci organizacji po\u017cytku publicznego <\/a>(Dz. U. poz. 234)[\/vc_column_text][\/vc_column][\/vc_row]<\/p>\n","protected":false},"excerpt":{"rendered":"<p>[vc_row][vc_column][vc_column_text el_class=&#8221;subpage&#8221;] Ustawa z dnia 29 wrze\u015bnia 1994 r. o rachunkowo\u015bci (t.j. Dz. U. z 2023 r. poz. 120, z p\u00f3\u017an. zm) &nbsp; Rozporz\u0105dzenie Ministra Finans\u00f3w z dnia 13 listopada 2018 r. w sprawie obowi\u0105zku badania sprawozda\u0144 finansowych organizacji po\u017cytku publicznego\u00a0 (Dz. U. poz. 2148) &nbsp; Rozporz\u0105dzenie Ministra Finans\u00f3w i Gospodarki z dnia 22 grudnia<\/p>\n","protected":false},"author":46,"featured_media":0,"parent":16543,"menu_order":2,"comment_status":"closed","ping_status":"closed","template":"page-templates\/about_niw_sub_pages.php","meta":{"_acf_changed":false,"inline_featured_image":false,"footnotes":""},"class_list":["post-16549","page","type-page","status-publish","hentry"],"acf":[],"_links":{"self":[{"href":"https:\/\/niw.gov.pl\/en\/wp-json\/wp\/v2\/pages\/16549","targetHints":{"allow":["GET"]}}],"collection":[{"href":"https:\/\/niw.gov.pl\/en\/wp-json\/wp\/v2\/pages"}],"about":[{"href":"https:\/\/niw.gov.pl\/en\/wp-json\/wp\/v2\/types\/page"}],"author":[{"embeddable":true,"href":"https:\/\/niw.gov.pl\/en\/wp-json\/wp\/v2\/users\/46"}],"replies":[{"embeddable":true,"href":"https:\/\/niw.gov.pl\/en\/wp-json\/wp\/v2\/comments?post=16549"}],"version-history":[{"count":11,"href":"https:\/\/niw.gov.pl\/en\/wp-json\/wp\/v2\/pages\/16549\/revisions"}],"predecessor-version":[{"id":67422,"href":"https:\/\/niw.gov.pl\/en\/wp-json\/wp\/v2\/pages\/16549\/revisions\/67422"}],"up":[{"embeddable":true,"href":"https:\/\/niw.gov.pl\/en\/wp-json\/wp\/v2\/pages\/16543"}],"wp:attachment":[{"href":"https:\/\/niw.gov.pl\/en\/wp-json\/wp\/v2\/media?parent=16549"}],"curies":[{"name":"wp","href":"https:\/\/api.w.org\/{rel}","templated":true}]}}