{"id":16552,"date":"2021-04-29T10:40:12","date_gmt":"2021-04-29T10:40:12","guid":{"rendered":"http:\/\/niw.gov.pl\/opp\/akty-prawne\/kontrola\/"},"modified":"2021-05-19T06:24:35","modified_gmt":"2021-05-19T06:24:35","slug":"kontrola","status":"publish","type":"page","link":"https:\/\/niw.gov.pl\/en\/pbo\/akty-prawne\/kontrola\/","title":{"rendered":"Kontrola"},"content":{"rendered":"<p>[vc_row][vc_column][vc_column_text]<a class=\"red\" href=\"https:\/\/dziennikustaw.gov.pl\/DU\/2018\/2054\" target=\"_blank\" rel=\"noopener nofollow\"><i class=\"fas fa-link\"><\/i> Rozporz\u0105dzenie Przewodnicz\u0105ce Komitetu do spraw Po\u017cytku Publicznego z dnia 24 pa\u017adziernika 2018 r. w sprawie przeprowadzania kontroli organizacji po\u017cytku publicznego <\/a>(Dz. U. poz. 2054)[\/vc_column_text][\/vc_column][\/vc_row]<\/p>\n","protected":false},"excerpt":{"rendered":"<p>[vc_row][vc_column][vc_column_text] Rozporz\u0105dzenie Przewodnicz\u0105ce Komitetu do spraw Po\u017cytku Publicznego z dnia 24 pa\u017adziernika 2018 r. w sprawie przeprowadzania kontroli organizacji po\u017cytku publicznego (Dz. U. poz. 2054)[\/vc_column_text][\/vc_column][\/vc_row]<\/p>\n","protected":false},"author":46,"featured_media":0,"parent":16543,"menu_order":3,"comment_status":"closed","ping_status":"closed","template":"page-templates\/about_niw_sub_pages.php","meta":{"_acf_changed":false,"inline_featured_image":false,"footnotes":""},"class_list":["post-16552","page","type-page","status-publish","hentry"],"acf":[],"_links":{"self":[{"href":"https:\/\/niw.gov.pl\/en\/wp-json\/wp\/v2\/pages\/16552","targetHints":{"allow":["GET"]}}],"collection":[{"href":"https:\/\/niw.gov.pl\/en\/wp-json\/wp\/v2\/pages"}],"about":[{"href":"https:\/\/niw.gov.pl\/en\/wp-json\/wp\/v2\/types\/page"}],"author":[{"embeddable":true,"href":"https:\/\/niw.gov.pl\/en\/wp-json\/wp\/v2\/users\/46"}],"replies":[{"embeddable":true,"href":"https:\/\/niw.gov.pl\/en\/wp-json\/wp\/v2\/comments?post=16552"}],"version-history":[{"count":1,"href":"https:\/\/niw.gov.pl\/en\/wp-json\/wp\/v2\/pages\/16552\/revisions"}],"predecessor-version":[{"id":16553,"href":"https:\/\/niw.gov.pl\/en\/wp-json\/wp\/v2\/pages\/16552\/revisions\/16553"}],"up":[{"embeddable":true,"href":"https:\/\/niw.gov.pl\/en\/wp-json\/wp\/v2\/pages\/16543"}],"wp:attachment":[{"href":"https:\/\/niw.gov.pl\/en\/wp-json\/wp\/v2\/media?parent=16552"}],"curies":[{"name":"wp","href":"https:\/\/api.w.org\/{rel}","templated":true}]}}