{"id":16554,"date":"2021-04-29T10:41:58","date_gmt":"2021-04-29T10:41:58","guid":{"rendered":"http:\/\/niw.gov.pl\/opp\/akty-prawne\/1-podatku-dochodowego-od-osob-fizycznych\/"},"modified":"2025-09-18T09:46:02","modified_gmt":"2025-09-18T07:46:02","slug":"1-podatku-dochodowego-od-osob-fizycznych","status":"publish","type":"page","link":"https:\/\/niw.gov.pl\/en\/pbo\/akty-prawne\/1-podatku-dochodowego-od-osob-fizycznych\/","title":{"rendered":"1,5% podatku dochodowego od os\u00f3b fizycznych"},"content":{"rendered":"<p>[vc_row][vc_column][vc_column_text]<a class=\"red\" href=\"https:\/\/isap.sejm.gov.pl\/isap.nsf\/DocDetails.xsp?id=wdu19910800350\" target=\"_blank\" rel=\"noopener nofollow\"><i class=\"fas fa-link\"><\/i> \u200eUstawa z dnia 26 lipca 1991 r. o podatku dochodowym od os\u00f3b fizycznych<\/a> (t.j. Dz. U. z 2025 r. poz. 163, z p\u00f3\u017an. zm.)<\/p>\n<p>&nbsp;<\/p>\n<p><a class=\"red\" href=\"https:\/\/dziennikustaw.gov.pl\/DU\/rok\/2022\/pozycja\/2756\" target=\"_blank\" rel=\"noopener nofollow\"><i class=\"fas fa-link\"><\/i> Rozporz\u0105dzenie Przewodnicz\u0105cego Komitetu do spraw Po\u017cytku Publicznego z dnia 20 grudnia 2022 r. w sprawie zamieszczania informacji przez organizacje po\u017cytku publicznego z zakresu 1,5% podatku dochodowego od os\u00f3b fizycznych <\/a>(Dz. U. poz. 2756)[\/vc_column_text][\/vc_column][\/vc_row]<\/p>\n","protected":false},"excerpt":{"rendered":"<p>[vc_row][vc_column][vc_column_text] \u200eUstawa z dnia 26 lipca 1991 r. o podatku dochodowym od os\u00f3b fizycznych (t.j. Dz. U. z 2025 r. poz. 163, z p\u00f3\u017an. zm.) &nbsp; Rozporz\u0105dzenie Przewodnicz\u0105cego Komitetu do spraw Po\u017cytku Publicznego z dnia 20 grudnia 2022 r. w sprawie zamieszczania informacji przez organizacje po\u017cytku publicznego z zakresu 1,5% podatku dochodowego od os\u00f3b fizycznych<\/p>\n","protected":false},"author":46,"featured_media":0,"parent":16543,"menu_order":4,"comment_status":"closed","ping_status":"closed","template":"page-templates\/about_niw_sub_pages.php","meta":{"_acf_changed":false,"inline_featured_image":false,"footnotes":""},"class_list":["post-16554","page","type-page","status-publish","hentry"],"acf":[],"_links":{"self":[{"href":"https:\/\/niw.gov.pl\/en\/wp-json\/wp\/v2\/pages\/16554","targetHints":{"allow":["GET"]}}],"collection":[{"href":"https:\/\/niw.gov.pl\/en\/wp-json\/wp\/v2\/pages"}],"about":[{"href":"https:\/\/niw.gov.pl\/en\/wp-json\/wp\/v2\/types\/page"}],"author":[{"embeddable":true,"href":"https:\/\/niw.gov.pl\/en\/wp-json\/wp\/v2\/users\/46"}],"replies":[{"embeddable":true,"href":"https:\/\/niw.gov.pl\/en\/wp-json\/wp\/v2\/comments?post=16554"}],"version-history":[{"count":4,"href":"https:\/\/niw.gov.pl\/en\/wp-json\/wp\/v2\/pages\/16554\/revisions"}],"predecessor-version":[{"id":65391,"href":"https:\/\/niw.gov.pl\/en\/wp-json\/wp\/v2\/pages\/16554\/revisions\/65391"}],"up":[{"embeddable":true,"href":"https:\/\/niw.gov.pl\/en\/wp-json\/wp\/v2\/pages\/16543"}],"wp:attachment":[{"href":"https:\/\/niw.gov.pl\/en\/wp-json\/wp\/v2\/media?parent=16554"}],"curies":[{"name":"wp","href":"https:\/\/api.w.org\/{rel}","templated":true}]}}