{"id":16557,"date":"2021-04-29T10:44:14","date_gmt":"2021-04-29T10:44:14","guid":{"rendered":"http:\/\/niw.gov.pl\/opp\/akty-prawne\/nieodplatne-informowanie-w-publicznych-mediach-o-dzialalnosci-organizacji-pozytku-publicznego\/"},"modified":"2021-05-19T06:25:26","modified_gmt":"2021-05-19T06:25:26","slug":"nieodplatne-informowanie-w-publicznych-mediach-o-dzialalnosci-organizacji-pozytku-publicznego","status":"publish","type":"page","link":"https:\/\/niw.gov.pl\/en\/pbo\/akty-prawne\/nieodplatne-informowanie-w-publicznych-mediach-o-dzialalnosci-organizacji-pozytku-publicznego\/","title":{"rendered":"Nieodp\u0142atne informowanie w publicznych mediach o dzia\u0142alno\u015bci organizacji po\u017cytku publicznego"},"content":{"rendered":"<p>[vc_row][vc_column][vc_column_text]<a class=\"red\" href=\"http:\/\/isap.sejm.gov.pl\/isap.nsf\/DocDetails.xsp?id=WDU20140000283\" target=\"_blank\" rel=\"noopener nofollow\"><i class=\"fas fa-link\"><\/i> \u200eRozporz\u0105dzenie Krajowej Rady Radiofonii i Telewizji z dnia 29 kwietnia 2011 r. w sprawie trybu post\u0119powania zwi\u0105zanego z nieodp\u0142atnym informowaniem w programach jednostek publicznej radiofonii i telewizji o prowadzonej przez organizacje po\u017cytku publicznego nieodp\u0142atnej dzia\u0142alno\u015bci po\u017cytku publicznego <\/a>(t.j. Dz. U. z 2014 r. poz. 283, z p\u00f3\u017an. zm.)[\/vc_column_text][\/vc_column][\/vc_row]<\/p>\n","protected":false},"excerpt":{"rendered":"<p>[vc_row][vc_column][vc_column_text] \u200eRozporz\u0105dzenie Krajowej Rady Radiofonii i Telewizji z dnia 29 kwietnia 2011 r. w sprawie trybu post\u0119powania zwi\u0105zanego z nieodp\u0142atnym informowaniem w programach jednostek publicznej radiofonii i telewizji o prowadzonej przez organizacje po\u017cytku publicznego nieodp\u0142atnej dzia\u0142alno\u015bci po\u017cytku publicznego (t.j. Dz. U. z 2014 r. poz. 283, z p\u00f3\u017an. zm.)[\/vc_column_text][\/vc_column][\/vc_row]<\/p>\n","protected":false},"author":46,"featured_media":0,"parent":16543,"menu_order":5,"comment_status":"closed","ping_status":"closed","template":"page-templates\/about_niw_sub_pages.php","meta":{"_acf_changed":false,"inline_featured_image":false,"footnotes":""},"class_list":["post-16557","page","type-page","status-publish","hentry"],"acf":[],"_links":{"self":[{"href":"https:\/\/niw.gov.pl\/en\/wp-json\/wp\/v2\/pages\/16557","targetHints":{"allow":["GET"]}}],"collection":[{"href":"https:\/\/niw.gov.pl\/en\/wp-json\/wp\/v2\/pages"}],"about":[{"href":"https:\/\/niw.gov.pl\/en\/wp-json\/wp\/v2\/types\/page"}],"author":[{"embeddable":true,"href":"https:\/\/niw.gov.pl\/en\/wp-json\/wp\/v2\/users\/46"}],"replies":[{"embeddable":true,"href":"https:\/\/niw.gov.pl\/en\/wp-json\/wp\/v2\/comments?post=16557"}],"version-history":[{"count":1,"href":"https:\/\/niw.gov.pl\/en\/wp-json\/wp\/v2\/pages\/16557\/revisions"}],"predecessor-version":[{"id":16558,"href":"https:\/\/niw.gov.pl\/en\/wp-json\/wp\/v2\/pages\/16557\/revisions\/16558"}],"up":[{"embeddable":true,"href":"https:\/\/niw.gov.pl\/en\/wp-json\/wp\/v2\/pages\/16543"}],"wp:attachment":[{"href":"https:\/\/niw.gov.pl\/en\/wp-json\/wp\/v2\/media?parent=16557"}],"curies":[{"name":"wp","href":"https:\/\/api.w.org\/{rel}","templated":true}]}}