{"id":16559,"date":"2021-04-29T10:45:38","date_gmt":"2021-04-29T10:45:38","guid":{"rendered":"http:\/\/niw.gov.pl\/opp\/akty-prawne\/fundusz-wspierania-organizacji-pozytku-publicznego\/"},"modified":"2021-05-19T06:25:27","modified_gmt":"2021-05-19T06:25:27","slug":"fundusz-wspierania-organizacji-pozytku-publicznego","status":"publish","type":"page","link":"https:\/\/niw.gov.pl\/en\/pbo\/akty-prawne\/fundusz-wspierania-organizacji-pozytku-publicznego\/","title":{"rendered":"Fundusz Wspierania Organizacji Po\u017cytku Publicznego"},"content":{"rendered":"<p>[vc_row][vc_column][vc_column_text]<a class=\"red\" href=\"https:\/\/dziennikustaw.gov.pl\/DU\/2018\/2051\" target=\"_blank\" rel=\"noopener nofollow\"><i class=\"fas fa-link\"><\/i> Rozporz\u0105dzenie Przewodnicz\u0105cego Komitetu do spraw Po\u017cytku Publicznego z dnia 24 pa\u017adziernika 2018 r. w sprawie gospodarki finansowej Funduszu Wspierania Organizacji Po\u017cytku Publicznego (Dz. U. poz. 2051)<\/a>[\/vc_column_text][\/vc_column][\/vc_row]<\/p>\n","protected":false},"excerpt":{"rendered":"<p>[vc_row][vc_column][vc_column_text] Rozporz\u0105dzenie Przewodnicz\u0105cego Komitetu do spraw Po\u017cytku Publicznego z dnia 24 pa\u017adziernika 2018 r. w sprawie gospodarki finansowej Funduszu Wspierania Organizacji Po\u017cytku Publicznego (Dz. U. poz. 2051)[\/vc_column_text][\/vc_column][\/vc_row]<\/p>\n","protected":false},"author":46,"featured_media":0,"parent":16543,"menu_order":6,"comment_status":"closed","ping_status":"closed","template":"page-templates\/about_niw_sub_pages.php","meta":{"_acf_changed":false,"inline_featured_image":false,"footnotes":""},"class_list":["post-16559","page","type-page","status-publish","hentry"],"acf":[],"_links":{"self":[{"href":"https:\/\/niw.gov.pl\/en\/wp-json\/wp\/v2\/pages\/16559","targetHints":{"allow":["GET"]}}],"collection":[{"href":"https:\/\/niw.gov.pl\/en\/wp-json\/wp\/v2\/pages"}],"about":[{"href":"https:\/\/niw.gov.pl\/en\/wp-json\/wp\/v2\/types\/page"}],"author":[{"embeddable":true,"href":"https:\/\/niw.gov.pl\/en\/wp-json\/wp\/v2\/users\/46"}],"replies":[{"embeddable":true,"href":"https:\/\/niw.gov.pl\/en\/wp-json\/wp\/v2\/comments?post=16559"}],"version-history":[{"count":1,"href":"https:\/\/niw.gov.pl\/en\/wp-json\/wp\/v2\/pages\/16559\/revisions"}],"predecessor-version":[{"id":16560,"href":"https:\/\/niw.gov.pl\/en\/wp-json\/wp\/v2\/pages\/16559\/revisions\/16560"}],"up":[{"embeddable":true,"href":"https:\/\/niw.gov.pl\/en\/wp-json\/wp\/v2\/pages\/16543"}],"wp:attachment":[{"href":"https:\/\/niw.gov.pl\/en\/wp-json\/wp\/v2\/media?parent=16559"}],"curies":[{"name":"wp","href":"https:\/\/api.w.org\/{rel}","templated":true}]}}