{"id":16569,"date":"2021-04-15T13:49:59","date_gmt":"2021-04-15T13:49:59","guid":{"rendered":"http:\/\/niw.gov.pl\/lista-wydarzen\/"},"modified":"2021-07-13T10:39:17","modified_gmt":"2021-07-13T10:39:17","slug":"events","status":"publish","type":"page","link":"https:\/\/niw.gov.pl\/en\/events\/","title":{"rendered":"Events"},"content":{"rendered":"<p>[vc_row][vc_column]<div class=\"sort_options sort\">\n\n<div class=\"dropdown sort_options_all\">\n    <button id=\"newsListSortby\" type=\"button\" class=\"sort_btn dropdown-toggle1 search_result_sort\" data-toggle=\"dropdown\">\n    Please select a category\n    <\/button>\n    <div class=\"dropdown-menu sort_drop\" style=\"overflow-y:auto; max-height:40vh\">\n      <a class=\"dropdown-item newssort\" href=\"https:\/\/niw.gov.pl\/en\/events\/\" data-sort=\"All\">All<\/a><a class=\"dropdown-item newsbycat\" href=\"?cat_id=8\" data-sort=\"Home\">Home<\/a><a class=\"dropdown-item newsbycat\" href=\"?cat_id=154\" data-sort=\"Wydarzenie\">Wydarzenie<\/a><a class=\"dropdown-item newsbycat\" href=\"?cat_id=155\" data-sort=\"Wydarzenie - Akademia NIW\">Wydarzenie - Akademia NIW<\/a><a class=\"dropdown-item newsbycat\" href=\"?cat_id=214\" data-sort=\"Moc Ma\u0142ych Spo\u0142eczno\u015bci\">Moc Ma\u0142ych Spo\u0142eczno\u015bci<\/a><a class=\"dropdown-item newsbycat\" href=\"?cat_id=227\" data-sort=\"IVY 2026\">IVY 2026<\/a><\/div>\n  <\/div>\n<\/div>\n\t\n\t\t<div class=\"news_page_news_box\">\n<div class=\"row\">\n<div class=\"col-6 news_page_news_box_left\">\n<div class=\"text\">\u201eSerce Wolontariatu: Przesz\u0142o\u015b\u0107, Tera\u017aniejszo\u015b\u0107, Przysz\u0142o\u015b\u0107\u201d<\/div>\n<div class=\"event_page_news_box_left_date\"> \n\n<div class=\"event_page_news_box_left_date_ic\"><img decoding=\"async\" src=\"https:\/\/niw.gov.pl\/wp-content\/themes\/niw\/images\/ico-location.png\" alt=\"Location\"\/><\/div>\n<div class=\"event_page_news_box_left_date_text\">Centrum Nauki Kopernik, Warszawa<\/div>\n<br \/>\n\n<div class=\"event_page_news_box_left_date_ic\"><img decoding=\"async\" src=\"https:\/\/niw.gov.pl\/wp-content\/themes\/niw\/images\/ico-cal.png\" alt=\"date\"\/><\/div>\n<div class=\"event_page_news_box_left_date_text\">05 december 2026<\/div>\n\n<\/div>\n\n<\/div>\n<div class=\"col-6 news_page_news_box_right\">\n<div class=\"text\">Organizatorem wydarzenia jest Fundacja Rozwoju Systemu Edukacji<\/div>\n<a href=\"https:\/\/niw.gov.pl\/en\/wydarzenia\/serce-wolontariatu-przeszlosc-terazniejszosc-przyszlosc\/\"><button class=\"news_page_news_box_left_btn\" type=\"button\"> <img decoding=\"async\" src=\"https:\/\/niw.gov.pl\/wp-content\/themes\/niw\/images\/arrow6.png\" alt=\"arrow6.png\"><\/button><\/a>\n<\/div>\n\n<\/div>\n<\/div>\n\n\n\t\n\t\t<div class=\"news_page_news_box\">\n<div class=\"row\">\n<div class=\"col-6 news_page_news_box_left\">\n<div class=\"text\">Ruszamy Razem<\/div>\n<div class=\"event_page_news_box_left_date\"> \n\n<div class=\"event_page_news_box_left_date_ic\"><img decoding=\"async\" src=\"https:\/\/niw.gov.pl\/wp-content\/themes\/niw\/images\/ico-location.png\" alt=\"Location\"\/><\/div>\n<div class=\"event_page_news_box_left_date_text\">Polanica Zdr\u00f3j<\/div>\n<br \/>\n\n<div class=\"event_page_news_box_left_date_ic\"><img decoding=\"async\" src=\"https:\/\/niw.gov.pl\/wp-content\/themes\/niw\/images\/ico-cal.png\" alt=\"date\"\/><\/div>\n<div class=\"event_page_news_box_left_date_text\">20 june 2026<\/div>\n\n<\/div>\n\n<\/div>\n<div class=\"col-6 news_page_news_box_right\">\n<div class=\"text\">Organizatorem wydarzenia jest \u201eFundacja z sercem\u201d<\/div>\n<a href=\"https:\/\/niw.gov.pl\/en\/wydarzenia\/ruszamy-razem\/\"><button class=\"news_page_news_box_left_btn\" type=\"button\"> <img decoding=\"async\" src=\"https:\/\/niw.gov.pl\/wp-content\/themes\/niw\/images\/arrow6.png\" alt=\"arrow6.png\"><\/button><\/a>\n<\/div>\n\n<\/div>\n<\/div>\n\n\n\t\n\t\t<div class=\"news_page_news_box\">\n<div class=\"row\">\n<div class=\"col-6 news_page_news_box_left\">\n<div class=\"text\">Gala P\u00f3l Nadziei 2025\/26<\/div>\n<div class=\"event_page_news_box_left_date\"> \n\n<div class=\"event_page_news_box_left_date_ic\"><img decoding=\"async\" src=\"https:\/\/niw.gov.pl\/wp-content\/themes\/niw\/images\/ico-location.png\" alt=\"Location\"\/><\/div>\n<div class=\"event_page_news_box_left_date_text\">Kielce, Dom \u015arodowisk Tw\u00f3rczych, Zamkowa 5<\/div>\n<br \/>\n\n<div class=\"event_page_news_box_left_date_ic\"><img decoding=\"async\" src=\"https:\/\/niw.gov.pl\/wp-content\/themes\/niw\/images\/ico-cal.png\" alt=\"date\"\/><\/div>\n<div class=\"event_page_news_box_left_date_text\">16 june 2026<\/div>\n\n<\/div>\n\n<\/div>\n<div class=\"col-6 news_page_news_box_right\">\n<div class=\"text\">Organizatorem wydarzenia jest Caritas Diecezji Kieleckiej<\/div>\n<a href=\"https:\/\/niw.gov.pl\/en\/wydarzenia\/gala-pol-nadziei-2025-26\/\"><button class=\"news_page_news_box_left_btn\" type=\"button\"> <img decoding=\"async\" src=\"https:\/\/niw.gov.pl\/wp-content\/themes\/niw\/images\/arrow6.png\" alt=\"arrow6.png\"><\/button><\/a>\n<\/div>\n\n<\/div>\n<\/div>\n\n\n\t\n\t\t<div class=\"news_page_news_box\">\n<div class=\"row\">\n<div class=\"col-6 news_page_news_box_left\">\n<div class=\"text\">IV Pozna\u0144skie Targi Wolontariatu<\/div>\n<div class=\"event_page_news_box_left_date\"> \n\n<div class=\"event_page_news_box_left_date_ic\"><img decoding=\"async\" src=\"https:\/\/niw.gov.pl\/wp-content\/themes\/niw\/images\/ico-location.png\" alt=\"Location\"\/><\/div>\n<div class=\"event_page_news_box_left_date_text\">Parka im. T. W. Wilsona, ul. Matejki 18 w Poznaniu<\/div>\n<br \/>\n\n<div class=\"event_page_news_box_left_date_ic\"><img decoding=\"async\" src=\"https:\/\/niw.gov.pl\/wp-content\/themes\/niw\/images\/ico-cal.png\" alt=\"date\"\/><\/div>\n<div class=\"event_page_news_box_left_date_text\">14 june 2026<\/div>\n\n<\/div>\n\n<\/div>\n<div class=\"col-6 news_page_news_box_right\">\n<div class=\"text\">Organizatorem wydarzenia jest Pozna\u0144skie Centrum Wolontariatu, prowadzone przez Stowarzyszenie CREO<\/div>\n<a href=\"https:\/\/niw.gov.pl\/en\/wydarzenia\/iv-poznanskie-targi-wolontariatu\/\"><button class=\"news_page_news_box_left_btn\" type=\"button\"> <img decoding=\"async\" src=\"https:\/\/niw.gov.pl\/wp-content\/themes\/niw\/images\/arrow6.png\" alt=\"arrow6.png\"><\/button><\/a>\n<\/div>\n\n<\/div>\n<\/div>\n\n\n\t\n\t\t<div class=\"news_page_news_box\">\n<div class=\"row\">\n<div class=\"col-6 news_page_news_box_left\">\n<div class=\"text\">II Festiwal Kultury Polonijnej \u2013 Polska Szko\u0142a w Oksfordzie<\/div>\n<div class=\"event_page_news_box_left_date\"> \n\n<div class=\"event_page_news_box_left_date_ic\"><img decoding=\"async\" src=\"https:\/\/niw.gov.pl\/wp-content\/themes\/niw\/images\/ico-location.png\" alt=\"Location\"\/><\/div>\n<div class=\"event_page_news_box_left_date_text\">Oxford, Wielka Brytania<\/div>\n<br \/>\n\n<div class=\"event_page_news_box_left_date_ic\"><img decoding=\"async\" src=\"https:\/\/niw.gov.pl\/wp-content\/themes\/niw\/images\/ico-cal.png\" alt=\"date\"\/><\/div>\n<div class=\"event_page_news_box_left_date_text\">05 june 2026<\/div>\n\n<\/div>\n\n<\/div>\n<div class=\"col-6 news_page_news_box_right\">\n<div class=\"text\">Organizatorem wydarzenia jest Polska Szko\u0142a w Oksfordzie im. gen. bryg. A. Ma\u0107kowiaka<\/div>\n<a href=\"https:\/\/niw.gov.pl\/en\/wydarzenia\/ii-festiwal-kultury-polonijnej-polska-szkola-w-oksfordzie\/\"><button class=\"news_page_news_box_left_btn\" type=\"button\"> <img decoding=\"async\" src=\"https:\/\/niw.gov.pl\/wp-content\/themes\/niw\/images\/arrow6.png\" alt=\"arrow6.png\"><\/button><\/a>\n<\/div>\n\n<\/div>\n<\/div>\n\n\n\t\n\t\t<div class=\"news_page_news_box\">\n<div class=\"row\">\n<div class=\"col-6 news_page_news_box_left\">\n<div class=\"text\">Mississauga Polish Days Festival \/ Festiwal Dni Polskich w Mississauga Kanada<\/div>\n<div class=\"event_page_news_box_left_date\"> \n\n<div class=\"event_page_news_box_left_date_ic\"><img decoding=\"async\" src=\"https:\/\/niw.gov.pl\/wp-content\/themes\/niw\/images\/ico-location.png\" alt=\"Location\"\/><\/div>\n<div class=\"event_page_news_box_left_date_text\">Kanada, Mississauga <\/div>\n<br \/>\n\n<div class=\"event_page_news_box_left_date_ic\"><img decoding=\"async\" src=\"https:\/\/niw.gov.pl\/wp-content\/themes\/niw\/images\/ico-cal.png\" alt=\"date\"\/><\/div>\n<div class=\"event_page_news_box_left_date_text\">05 june 2026<\/div>\n\n<\/div>\n\n<\/div>\n<div class=\"col-6 news_page_news_box_right\">\n<div class=\"text\">Organizatorem wydarzenia jest Mississauga Polish Days Festival<\/div>\n<a href=\"https:\/\/niw.gov.pl\/en\/wydarzenia\/mississauga-polish-days-festival-festiwal-dni-polskich-w-mississauga-kanada\/\"><button class=\"news_page_news_box_left_btn\" type=\"button\"> <img decoding=\"async\" src=\"https:\/\/niw.gov.pl\/wp-content\/themes\/niw\/images\/arrow6.png\" alt=\"arrow6.png\"><\/button><\/a>\n<\/div>\n\n<\/div>\n<\/div>\n\n\n\t\n\t\t<div class=\"news_page_news_box\">\n<div class=\"row\">\n<div class=\"col-6 news_page_news_box_left\">\n<div class=\"text\">Debata o wolontariacie pn. Why volunteer?<\/div>\n<div class=\"event_page_news_box_left_date\"> \n\n<div class=\"event_page_news_box_left_date_ic\"><img decoding=\"async\" src=\"https:\/\/niw.gov.pl\/wp-content\/themes\/niw\/images\/ico-location.png\" alt=\"Location\"\/><\/div>\n<div class=\"event_page_news_box_left_date_text\">Uniwersytet Szczeci\u0144ski w Szczecinie, ul. Krakowska 71-79<\/div>\n<br \/>\n\n<div class=\"event_page_news_box_left_date_ic\"><img decoding=\"async\" src=\"https:\/\/niw.gov.pl\/wp-content\/themes\/niw\/images\/ico-cal.png\" alt=\"date\"\/><\/div>\n<div class=\"event_page_news_box_left_date_text\">14 may 2026<\/div>\n\n<\/div>\n\n<\/div>\n<div class=\"col-6 news_page_news_box_right\">\n<div class=\"text\">Organizatorem wydarzenia jest Stowarzyszenie POLITES<\/div>\n<a href=\"https:\/\/niw.gov.pl\/en\/wydarzenia\/debata-o-wolontariacie-pn-why-volunteer\/\"><button class=\"news_page_news_box_left_btn\" type=\"button\"> <img decoding=\"async\" src=\"https:\/\/niw.gov.pl\/wp-content\/themes\/niw\/images\/arrow6.png\" alt=\"arrow6.png\"><\/button><\/a>\n<\/div>\n\n<\/div>\n<\/div>\n\n\n\t\n\t\t<div class=\"news_page_news_box\">\n<div class=\"row\">\n<div class=\"col-6 news_page_news_box_left\">\n<div class=\"text\">Europejskie Forum M\u0142odych Lider\u00f3w<\/div>\n<div class=\"event_page_news_box_left_date\"> \n\n<div class=\"event_page_news_box_left_date_ic\"><img decoding=\"async\" src=\"https:\/\/niw.gov.pl\/wp-content\/themes\/niw\/images\/ico-location.png\" alt=\"Location\"\/><\/div>\n<div class=\"event_page_news_box_left_date_text\">Gdynia<\/div>\n<br \/>\n\n<div class=\"event_page_news_box_left_date_ic\"><img decoding=\"async\" src=\"https:\/\/niw.gov.pl\/wp-content\/themes\/niw\/images\/ico-cal.png\" alt=\"date\"\/><\/div>\n<div class=\"event_page_news_box_left_date_text\">27 april 2026<\/div>\n\n<\/div>\n\n<\/div>\n<div class=\"col-6 news_page_news_box_right\">\n<div class=\"text\">Organizatorem wydarzenia jest Fundacja Rozwoju Systemu Edukacji<\/div>\n<a href=\"https:\/\/niw.gov.pl\/en\/wydarzenia\/europejskie-forum-mlodych-liderow\/\"><button class=\"news_page_news_box_left_btn\" type=\"button\"> <img decoding=\"async\" src=\"https:\/\/niw.gov.pl\/wp-content\/themes\/niw\/images\/arrow6.png\" alt=\"arrow6.png\"><\/button><\/a>\n<\/div>\n\n<\/div>\n<\/div>\n\n\n  <nav aria-label=\"Page navigation\">\r\n\t\t\t<h2 id=\"posts-nav-label\" class=\"sr-only\">Posts navigation <\/h2>\r\n\t\t\t<ul class=\"pagination right \"><li class=\"page-item\"><span class=\"page-link previous empty\"><i class=\"fas fa-chevron-left\"><\/i><\/span><\/li><li class=\"page-item\"><span aria-current=\"page\" class=\"page-link  current\">1<\/span><\/li><li class=\"page-item\"><a class=\"page-link\" href=\"https:\/\/niw.gov.pl\/en\/wp-json\/wp\/v2\/pages\/16569\/page\/2\/\">2<\/a><\/li><li class=\"page-item\"><a class=\"next page-link \" href=\"https:\/\/niw.gov.pl\/en\/wp-json\/wp\/v2\/pages\/16569\/page\/2\/\"><i class=\"fas fa-arrow-right\"><\/i><\/a><\/li><\/ul>\r\n\r\n\t\t<\/nav>\n[\/vc_column][\/vc_row]<\/p>\n","protected":false},"excerpt":{"rendered":"<p>[vc_row][vc_column][\/vc_column][\/vc_row]<\/p>\n","protected":false},"author":46,"featured_media":0,"parent":0,"menu_order":177,"comment_status":"closed","ping_status":"closed","template":"page-templates\/news_niw_page.php","meta":{"_acf_changed":false,"inline_featured_image":false,"footnotes":""},"class_list":["post-16569","page","type-page","status-publish","hentry"],"acf":[],"_links":{"self":[{"href":"https:\/\/niw.gov.pl\/en\/wp-json\/wp\/v2\/pages\/16569","targetHints":{"allow":["GET"]}}],"collection":[{"href":"https:\/\/niw.gov.pl\/en\/wp-json\/wp\/v2\/pages"}],"about":[{"href":"https:\/\/niw.gov.pl\/en\/wp-json\/wp\/v2\/types\/page"}],"author":[{"embeddable":true,"href":"https:\/\/niw.gov.pl\/en\/wp-json\/wp\/v2\/users\/46"}],"replies":[{"embeddable":true,"href":"https:\/\/niw.gov.pl\/en\/wp-json\/wp\/v2\/comments?post=16569"}],"version-history":[{"count":2,"href":"https:\/\/niw.gov.pl\/en\/wp-json\/wp\/v2\/pages\/16569\/revisions"}],"predecessor-version":[{"id":18653,"href":"https:\/\/niw.gov.pl\/en\/wp-json\/wp\/v2\/pages\/16569\/revisions\/18653"}],"wp:attachment":[{"href":"https:\/\/niw.gov.pl\/en\/wp-json\/wp\/v2\/media?parent=16569"}],"curies":[{"name":"wp","href":"https:\/\/api.w.org\/{rel}","templated":true}]}}