{"id":23033,"date":"2021-10-27T16:17:48","date_gmt":"2021-10-27T14:17:48","guid":{"rendered":"https:\/\/niw.gov.pl\/?page_id=23033"},"modified":"2021-10-27T16:22:44","modified_gmt":"2021-10-27T14:22:44","slug":"polish-craft-incubator","status":"publish","type":"page","link":"https:\/\/niw.gov.pl\/en\/our-programmes\/polish-craft-incubator\/","title":{"rendered":"Polish Craft Incubator"},"content":{"rendered":"<p>[vc_row][vc_column][vc_empty_space][vc_column_text]\u201ePolski Inkubator Rzemios\u0142a\u201d jest programem obejmuj\u0105cym okres od 2021 do 2030 r. Potrzeba przyj\u0119cia programu wynika m.in. z faktu, \u017ce nie ma w chwili obecnej dokumentu rz\u0105dowego \u015bci\u015ble po\u015bwi\u0119conego problematyce promocji rzemios\u0142a i kszta\u0142cenia dualnego.[\/vc_column_text][vc_column_text]<strong>Podmiotami uprawnionymi do udzia\u0142u w konkursach w ramach Programu s\u0105 wy\u0142\u0105cznie organizacje rzemie\u015blnicze.\u00a0<\/strong>[\/vc_column_text][vc_column_text]G\u0142\u00f3wnym celem programu jest wsparcie dla organizacji samorz\u0105du gospodarczego rzemios\u0142a, kt\u00f3re wp\u0142ynie pozytywnie na rozw\u00f3j ich kapita\u0142u ludzkiego i spo\u0142ecznego oraz potencja\u0142u instytucjonalnego. \u015arodki finansowe z programu pomog\u0105 zrealizowa\u0107 cele statutowe organizacji rzemie\u015blniczych oraz wp\u0142yn\u0105 pozytywnie na rozw\u00f3j ich przedsi\u0119biorczo\u015bci i kszta\u0142cenia dualnego.[\/vc_column_text][vc_column_text]<\/p>\n<h4>Program sk\u0142ada\u0107 si\u0119 b\u0119dzie z nast\u0119puj\u0105cych element\u00f3w:<\/h4>\n<p>&nbsp;<\/p>\n<ul>\n<li>rozw\u00f3j potencja\u0142u infrastrukturalnego i organizacyjnego samorz\u0105du gospodarczego rzemios\u0142a,<\/li>\n<li>rozw\u00f3j zasob\u00f3w kapita\u0142u ludzkiego i spo\u0142ecznego rzemios\u0142a,<\/li>\n<li>wzmocnienie wsp\u00f3\u0142pracy organizacji rzemie\u015blniczych z podmiotami z sektor\u00f3w publicznego, przedsi\u0119biorstw i pozarz\u0105dowego.<\/li>\n<\/ul>\n<p>&nbsp;<\/p>\n<h4>Program sk\u0142ada si\u0119 z zada\u0144 operacyjnych zorientowanych na wsparcie obecnie prowadzonej dzia\u0142alno\u015bci samorz\u0105du gospodarczego:<\/h4>\n<p>&nbsp;<\/p>\n<div class=\"programs_all\">\n<div class=\"programs_all_no\">1.<\/div>\n<div class=\"programs_all_text\">\n<div class=\"programs_all_text_title\">\n<h5><strong>Zadanie 1. Wsparcie instytucjonalne i infrastrukturalne organizacji rzemie\u015blniczych<\/strong><\/h5>\n<\/div>\n<\/div>\n<\/div>\n<p>Do zada\u0144 statutowych samorz\u0105du gospodarczego rzemios\u0142a zalicza si\u0119 prowadzenie na rzecz cz\u0142onk\u00f3w m. in. dzia\u0142alno\u015bci o\u015bwiatowej. W ramach zadania przewiduje si\u0119 finansowanie zasob\u00f3w technicznych, w tym\u00a0 informatycznych na potrzeby dzia\u0142alno\u015bci statutowej organizacji rzemios\u0142a zwi\u0105zanej z administrowaniem przygotowania zawodowego w rzemio\u015ble, realizowanego na zasadach dualnego systemu kszta\u0142cenia, nadzorem nad jego przebiegiem oraz realizacj\u0105 egzamin\u00f3w zawodowych i szkolenia zawodowego os\u00f3b doros\u0142ych.<\/p>\n<p>&nbsp;<\/p>\n<div class=\"programs_all\">\n<div class=\"programs_all_no\">2.<\/div>\n<div class=\"programs_all_text\">\n<div class=\"programs_all_text_title\">\n<h5><strong>Zadanie 2. Rozw\u00f3j i promocja kszta\u0142cenia dualnego w rzemio\u015ble<\/strong><\/h5>\n<\/div>\n<\/div>\n<\/div>\n<p>W ramach zadania przewidziano wsparcie konkurs\u00f3w dotycz\u0105cych zawod\u00f3w rzemie\u015blniczych, jako dzia\u0142ania nastawionego na zapoznawanie z ofert\u0105 nauki i pracy w rzemio\u015ble dzieci i m\u0142odzie\u017cy. Celem konkurs\u00f3w jest kszta\u0142towanie pozytywnego wizerunku pracy zawodowej i promowanie wiedzy o rynku pracy, a ich szczeg\u00f3ln\u0105 warto\u015bci\u0105 jest wczesne propagowanie edukacji w zawodach i szacunku dla fachowej pracy. Takie inicjatywy jak konkursy zawodowe s\u0105 warunkiem zmiany nastawienia absolwent\u00f3w szk\u00f3\u0142 podstawowych odno\u015bnie wyboru \u015bcie\u017cek edukacji poprzez podniesienie presti\u017cu oferty nauki zawodu w rzemio\u015ble. Ale te\u017c atrakcyjno\u015b\u0107 edukacji i nast\u0119pnie pracy w rzemio\u015ble podnosz\u0105 nie tylko konkursy o zawodach, ale tak\u017ce konkursy zawodowe, w kt\u00f3rych uczestnicz\u0105 m\u0142odociani pracownicy rzemios\u0142a. St\u0105d w zadaniu uj\u0119to mo\u017cliwo\u015b\u0107 finansowania przez organizacje rzemie\u015blnicze nagr\u00f3d w ramach zar\u00f3wno konkurs\u00f3w o zawodach dla dzieci i m\u0142odzie\u017cy skierowanych do przedszkoli i szk\u00f3\u0142 podstawowych oraz konkurs\u00f3w zawodowych dla m\u0142odzie\u017cy kszta\u0142c\u0105cej si\u0119 w zak\u0142adach rzemie\u015blniczych.[\/vc_column_text][vc_column_text]<a class=\"red\" href=\"http:\/\/niw.gov.pl\/wp-content\/uploads\/2021\/07\/Program-PIR-1.pdf\" target=\"_blank\" rel=\"noopener\"> <i class=\"fas fa-link\"><\/i>Program<\/a><\/p>\n<p><a class=\"red\" href=\"http:\/\/niw.gov.pl\/wp-content\/uploads\/2021\/07\/Regulamin-konkurs-PIR-1.pdf\" target=\"_blank\" rel=\"noopener\"> <i class=\"fas fa-link\"><\/i>Regulamin<\/a><\/p>\n<p><a class=\"red\" href=\"https:\/\/generator.niw.gov.pl\/\" target=\"_blank\" rel=\"noopener\"> <i class=\"fas fa-link\"><\/i>System Obs\u0142ugi Dotacji<\/a>[\/vc_column_text][vc_column_text]Szczeg\u00f3\u0142owe pytania na temat Rz\u0105dowego Programu Polski Inkubator Rzemios\u0142a Edycja 2021 mo\u017cna kierowa\u0107 pod numer telefonu <strong>601 901 327 <\/strong>w godz. 10:00-15:00 od poniedzia\u0142ku do pi\u0105tku lub e-mailowo na adres:\u00a0<u><a href=\"mailto:pir@niw.gov.pl\">pir@niw.gov.pl<\/a><\/u>.[\/vc_column_text][\/vc_column][\/vc_row]<\/p>\n","protected":false},"excerpt":{"rendered":"<p>[vc_row][vc_column][vc_empty_space][vc_column_text]\u201ePolski Inkubator Rzemios\u0142a\u201d jest programem obejmuj\u0105cym okres od 2021 do 2030 r. Potrzeba przyj\u0119cia programu wynika m.in. z faktu, \u017ce nie ma w chwili obecnej dokumentu rz\u0105dowego \u015bci\u015ble po\u015bwi\u0119conego problematyce promocji rzemios\u0142a i kszta\u0142cenia dualnego.[\/vc_column_text][vc_column_text]Podmiotami uprawnionymi do udzia\u0142u w konkursach w ramach Programu s\u0105 wy\u0142\u0105cznie organizacje rzemie\u015blnicze.\u00a0[\/vc_column_text][vc_column_text]G\u0142\u00f3wnym celem programu jest wsparcie dla organizacji samorz\u0105du gospodarczego<\/p>\n","protected":false},"author":46,"featured_media":0,"parent":16091,"menu_order":7,"comment_status":"closed","ping_status":"closed","template":"page-templates\/nasze_programy_page.php","meta":{"_acf_changed":false,"inline_featured_image":false,"footnotes":""},"class_list":["post-23033","page","type-page","status-publish","hentry"],"acf":[],"_links":{"self":[{"href":"https:\/\/niw.gov.pl\/en\/wp-json\/wp\/v2\/pages\/23033","targetHints":{"allow":["GET"]}}],"collection":[{"href":"https:\/\/niw.gov.pl\/en\/wp-json\/wp\/v2\/pages"}],"about":[{"href":"https:\/\/niw.gov.pl\/en\/wp-json\/wp\/v2\/types\/page"}],"author":[{"embeddable":true,"href":"https:\/\/niw.gov.pl\/en\/wp-json\/wp\/v2\/users\/46"}],"replies":[{"embeddable":true,"href":"https:\/\/niw.gov.pl\/en\/wp-json\/wp\/v2\/comments?post=23033"}],"version-history":[{"count":2,"href":"https:\/\/niw.gov.pl\/en\/wp-json\/wp\/v2\/pages\/23033\/revisions"}],"predecessor-version":[{"id":23035,"href":"https:\/\/niw.gov.pl\/en\/wp-json\/wp\/v2\/pages\/23033\/revisions\/23035"}],"up":[{"embeddable":true,"href":"https:\/\/niw.gov.pl\/en\/wp-json\/wp\/v2\/pages\/16091"}],"wp:attachment":[{"href":"https:\/\/niw.gov.pl\/en\/wp-json\/wp\/v2\/media?parent=23033"}],"curies":[{"name":"wp","href":"https:\/\/api.w.org\/{rel}","templated":true}]}}